{"id":1104,"date":"2019-10-04T12:11:44","date_gmt":"2019-10-04T03:11:44","guid":{"rendered":"http:\/\/www.mirainomori.shop\/x\/wp\/?page_id=1104"},"modified":"2026-02-03T00:55:42","modified_gmt":"2026-02-02T15:55:42","slug":"liberalarts","status":"publish","type":"page","link":"https:\/\/duhoc.mirainomorigakuen.com\/?page_id=1104","title":{"rendered":"KHOA GI\u00c1O D\u1ee4C QU\u1ed0C T\u1ebe"},"content":{"rendered":"\n<h2 class=\"wp-block-heading\">Khoa Gi\u00e1o D\u1ee5c Qu\u1ed1c T\u1ebf<\/h2>\n\n\n\n<p>\u3000<\/p>\n\n\n\n<p>Khoa Gi\u00e1o D\u1ee5c Qu\u1ed1c T\u1ebf l\u00e0 kh\u00f3a\nh\u1ecdc 1 n\u0103m \u0111\u1ec3 chu\u1ea9n b\u1ecb cho vi\u1ec7c thi l\u00ean nh\u1eefng tr\u01b0\u1eddng \u0111\u1ea1i h\u1ecdc c\u00f3 tr\u00ecnh \u0111\u1ed9 cao ho\u1eb7c\nc\u00e1c tr\u01b0\u1eddng \u0111\u1ea1i h\u1ecdc c\u00f4ng l\u1eadp sau khi t\u1ed1t nghi\u1ec7p tr\u01b0\u1eddng Nh\u1eadt ng\u1eef.<\/p>\n\n\n\n<p>Khoa Gi\u00e1o D\u1ee5c Qu\u1ed1c T\u1ebf c\u1ee7a H\u1ecdc\nVi\u1ec7n Mirai No Mori \u0111\u01b0\u1ee3c th\u00e0nh l\u1eadp d\u1ef1a tr\u00ean 24 n\u0103m kinh nghi\u1ec7m \u0111\u00e0o t\u1ea1o ti\u1ebfng Nh\u1eadt\nc\u1ee7a Trung t\u00e2m Anh ng\u1eef Sendai \u2013 Khoa ti\u1ebfng Nh\u1eadt (t\u00ean c\u0169). H\u1ea7u h\u1ebft c\u00e1c h\u1ecdc sinh t\u1ed1t\nnghi\u1ec7p khoa ti\u1ebfng Nh\u1eadt \u0111\u1ec1u h\u1ecdc ti\u1ebfp l\u00ean \u0111\u1ea1i h\u1ecdc h\u1ec7 4 n\u0103m, v\u00e0 c\u00f3 t\u1ef7 l\u1ec7 h\u1ecdc sinh\nh\u1ecdc l\u00ean \u0111\u1ea1i h\u1ecdc thu\u1ed9c top \u0111\u1ea7u to\u00e0n qu\u1ed1c.<\/p>\n\n\n\n<p>Th\u1ebf nh\u01b0ng c\u0169ng c\u00f3 r\u1ea5t nhi\u1ec1u h\u1ecdc\nsinh c\u00f3 th\u1ec3 thi \u0111\u1eadu \u0111\u01b0\u1ee3c v\u00e0o nh\u1eefng tr\u01b0\u1eddng \u0111\u1ea1i h\u1ecdc c\u00f4ng l\u1eadp hay nh\u1eefng tr\u01b0\u1eddng c\u00f3\ntr\u00ecnh \u0111\u1ed9 cao n\u1ebfu nh\u01b0 t\u1eadp trung h\u1ecdc th\u00eam 1 n\u0103m c\u00e1c m\u00f4n nh\u01b0 ti\u1ebfng Nh\u1eadt, To\u00e1n, c\u00e1c\nm\u00f4n h\u1ecdc t\u1ed5ng h\u1ee3p, ti\u1ebfng Anh.<\/p>\n\n\n\n<p>Th\u00eam 1 n\u0103m, d\u00f9ng 1 n\u0103m qu\u00fd b\u00e1u\n\u0111\u00f3 \u0111\u1ec3 h\u1ecdc t\u1eadp t\u1ea1i H\u1ecdc Vi\u1ec7n Mirai No Mori, \u0111\u1ec3 c\u00f3 th\u1ec3 th\u1ef1c hi\u1ec7n \u0111\u01b0\u1ee3c \u01b0\u1edbc m\u01a1 l\u1edbn\ntrong t\u01b0\u01a1ng lai, h\u00e3y m\u1edf ra c\u00e1nh c\u1eeda v\u00e0o tr\u01b0\u1eddng \u0111\u1ea1i h\u1ecdc danh ti\u1ebfng c\u1ee7a Nh\u1eadt B\u1ea3n.<\/p>\n\n\n\n<p>\u0110\u1ec3 \u01b0\u1edbc m\u01a1 c\u1ee7a c\u00e1c em \u0111\u01b0\u1ee3c\nth\u00e0nh hi\u1ec7n th\u1ef1c, c\u00e1c th\u1ea7y c\u00f4 gi\u00e1o v\u1edbi l\u00f2ng nhi\u1ec7t huy\u1ebft s\u1ebd to\u00e0n l\u1ef1c h\u1ed7 tr\u1ee3 c\u0169ng\nnh\u01b0 ch\u1ec9 \u0111\u1ea1o \u0111inh h\u01b0\u1edbng cho c\u00e1c em.<\/p>\n\n\n\n<p><\/p>\n\n\n\n<h2 class=\"wp-block-heading\">\u0110\u00e0o t\u1ea1o ti\u1ebfng Nh\u1eadt m\u1ed9t c\u00e1ch tri\u1ec7t \u0111\u1ec3<\/h2>\n\n\n\n<p>\u3000Ph\u00e2n chia c\u00e1c l\u1edbp theo m\u1ee5c ti\u00eau c\u1ee7a h\u1ecdc sinh. C\u00f3 nh\u1eefng bi\u1ec7n ph\u00e1p chu\u1ea9n b\u1ecb cho nh\u1eefng b\u00e0i ti\u1ec3u lu\u1eadn c\u1ee7a c\u00e1c k\u1ef3 thi c\u1ee7a c\u00e1c tr\u01b0\u1eddng \u0111\u1ea1i h\u1ecdc c\u00f4ng l\u1eadp hay c\u00e1c tr\u01b0\u1eddng \u0111\u1ea1i h\u1ecdc d\u00e2n l\u1eadp n\u1ed5i ti\u1ebfng, c\u0169ng nh\u01b0 c\u00f3 nh\u1eefng bi\u1ec7n ph\u00e1p cho c\u00e1c k\u1ef3 thi N1, N2.<\/p>\n\n\n\n<h2 class=\"wp-block-heading\">Nh\u1eefng bi\u1ec7n ph\u00e1p d\u00e0nh cho k\u1ef3 thi du h\u1ecdc sinh Nh\u1eadt B\u1ea3n<\/h2>\n\n\n\n<p>\u3000K\u1ef3 thi d\u00e0nh cho du h\u1ecdc sinh Nh\u1eadt B\u1ea3n (EJU) l\u00e0 k\u1ef3 thi \u0111i\u1ec1u ki\u1ec7n c\u1ea7n thi\u1ebft \u0111\u1ec3 thi v\u00e0o nhi\u1ec1u tr\u01b0\u1eddng \u0111\u1ea1i h\u1ecdc. T\u1ea1i tr\u01b0\u1eddng ch\u00fang t\u00f4i, ngo\u00e0i vi\u1ec7c \u0111\u00e0o t\u1ea1o ti\u1ebfng Nh\u1eadt, ch\u00fang t\u00f4i c\u00f2n \u0111\u00e0o t\u1ea1o th\u00eam c\u00e1c m\u00f4n h\u1ecdc nh\u01b0 To\u00e1n, c\u00e1c m\u00f4n t\u1ed5ng h\u1ee3p, c\u00e1c m\u00f4n khoa h\u1ecdc t\u1ef1 nhi\u00ean.<\/p>\n\n\n\n<h2 class=\"wp-block-heading\">\u0110\u00e0o t\u1ea1o ti\u1ebfng Anh<\/h2>\n\n\n\n<p> \u3000Ch\u00fang t\u00f4i c\u00f3 ch\u01b0\u01a1ng tr\u00ecnh \u0111\u00e0o t\u1ea1o c\u00e1c ch\u1ee9ng ch\u1ec9 nh\u01b0 TOEIC, TOEFL c\u1ea7n thi\u1ebft cho vi\u1ec7c thi l\u00ean \u0111\u1ea1i h\u1ecdc.<\/p>\n\n\n\n<h2 class=\"wp-block-heading\">Y\u00eau c\u1ea7u<\/h2>\n\n\n\n<p>V\u1edbi nh\u1eefng ng\u01b0\u1eddi \u0111ang l\u01b0u tr\u00fa\ntrong n\u01b0\u1edbc<\/p>\n\n\n\n<p>1. Nh\u1eefng ng\u01b0\u1eddi c\u00f3 t\u01b0 c\u00e1ch l\u01b0u\ntr\u00fa c\u00f2n h\u1ea1n t\u1ea1i Nh\u1eadt B\u1ea3n.<\/p>\n\n\n\n<p>2. Nh\u1eefng ng\u01b0\u1eddi \u0111\u00e3 t\u1ed1t nghi\u1ec7p\nch\u01b0\u01a1ng tr\u00ecnh h\u1ecdc 12 n\u0103m \u1edf n\u01b0\u1edbc ngo\u00e0i, ho\u1eb7c t\u01b0\u01a1ng \u0111\u01b0\u01a1ng theo quy \u0111\u1ecbnh c\u1ee7a b\u1ed9\ngi\u00e1o d\u1ee5c v\u00e0 \u0111\u00e0o t\u1ea1o.<\/p>\n\n\n\n<p>3. Nh\u1eefng ng\u01b0\u1eddi c\u00f3 tr\u00ecnh \u0111\u1ed9\nn\u0103ng l\u1ef1c ti\u1ebfng Nh\u1eadt (JLPT) N3 ho\u1eb7c t\u01b0\u01a1ng \u0111\u01b0\u01a1ng. <\/p>\n\n\n\n<p>V\u1edbi nh\u1eefng ng\u01b0\u1eddi \u0111ang sinh s\u1ed1ng\n\u1edf n\u01b0\u1edbc ngo\u00e0i<\/p>\n\n\n\n<p>1. Nh\u1eefng ng\u01b0\u1eddi th\u1ecfa m\u00e3n \u0111\u1ee7 \u0111i\u1ec1u\nki\u1ec7n \u0111\u1ec3 c\u00f3 th\u1ec3 nh\u1eadn \u0111\u01b0\u1ee3c visa du h\u1ecdc t\u1ea1i Nh\u1eadt.<\/p>\n\n\n\n<p>2. Nh\u1eefng ng\u01b0\u1eddi \u0111\u00e3 t\u1ed1t nghi\u1ec7p\nch\u01b0\u01a1ng tr\u00ecnh h\u1ecdc 12 n\u0103m \u1edf n\u01b0\u1edbc ngo\u00e0i, ho\u1eb7c t\u01b0\u01a1ng \u0111\u01b0\u01a1ng theo quy \u0111\u1ecbnh c\u1ee7a b\u1ed9\ngi\u00e1o d\u1ee5c v\u00e0 \u0111\u00e0o t\u1ea1o.<\/p>\n\n\n\n<p>3. Nh\u1eefng ng\u01b0\u1eddi c\u00f3 tr\u00ecnh \u0111\u1ed9\nn\u0103ng l\u1ef1c ti\u1ebfng Nh\u1eadt (JLPT) N2 tr\u1edf l\u00ean.<\/p>\n\n\n\n<p> <\/p>\n\n\n\n<h2 class=\"wp-block-heading\">KH\u00d3A H\u1eccC<\/h2>\n\n\n\n<table style=\"border-collapse: collapse; width: 100%; height: 105px;\">\n<tbody>\n<tr style=\"height: 53px;\">\n<td style=\"width: 33.3333%; background-color: #23245e; height: 52px; text-align: center;\"><span style=\"color: #ffffff;\">KH\u00d3A H\u1eccC<\/span><\/td>\n<td style=\"width: 33.3333%; background-color: #23245e; height: 52px; text-align: center;\"><span style=\"color: #ffffff;\">S\u1ed0 GI\u1edc H\u1eccC<\/span><\/td>\n<td style=\"width: 33.3333%; background-color: #23245e; height: 52px; text-align: center;\"><span style=\"color: #ffffff;\">K\u1ef2 NH\u1eacP H\u1eccC<\/span><\/td>\n<\/tr>\n<tr style=\"height: 53px;\">\n<td style=\"width: 33.3333%; height: 53px; text-align: center;\">1 N\u0103m<\/td>\n<td style=\"width: 33.3333%; height: 53px; text-align: center;\">864 gi\u1edd\uff0840 tu\u1ea7n\uff09<\/td>\n<td style=\"width: 33.3333%; height: 53px; text-align: center;\">th\u00e1ng 4<\/td>\n<\/tr>\n<\/tbody>\n<\/table>\n\n\n\n<h2 class=\"wp-block-heading\">H\u1eccC PH\u00cd   <\/h2>\n\n\n\n<table style=\"border-collapse: collapse; width: 100%;\">\n<tbody>\n<tr>\n<td style=\"width: 16.6667%; text-align: center; background-color: #23245e;\"><span style=\"color: #ffffff;\">KH\u00d3A H\u1eccC<\/span><\/td>\n<td style=\"width: 16.6667%; text-align: center; background-color: #23245e;\"><span style=\"color: #ffffff;\">Ph\u00ed tuy\u1ec3n kh\u1ea3o<\/span><\/td>\n<td style=\"width: 16.6667%; text-align: center; background-color: #23245e;\"><span style=\"color: #ffffff;\">Ph\u00ed nh\u1eadp h\u1ecdc<\/span><\/td>\n<td style=\"width: 16.6667%; text-align: center; background-color: #23245e;\"><span style=\"color: #ffffff;\">H\u1ecdc ph\u00ed<\/span><\/td>\n<td style=\"width: 16.6667%; text-align: center; background-color: #23245e;\"><span style=\"color: #ffffff;\">S\u00e1ch gi\u00e1o khoa<\/span><\/td>\n<td style=\"width: 16.6667%; text-align: center; background-color: #23245e;\"><span style=\"color: #ffffff;\">T\u1ed5ng<\/span><\/td>\n<\/tr>\n<tr>\n<td style=\"width: 16.6667%; text-align: center;\">1 N\u0103m<\/td>\n<td style=\"width: 16.6667%; text-align: center;\">40,000 y\u00ean<\/td>\n<td style=\"width: 16.6667%; text-align: center;\">70,000 y\u00ean<\/td>\n<td style=\"width: 16.6667%; text-align: center;\">690,000 y\u00ean<\/td>\n<td style=\"width: 16.6667%; text-align: center;\">40,000 y\u00ean<\/td>\n<td style=\"width: 16.6667%; text-align: center;\">840,000 y\u00ean<\/td>\n<\/tr>\n<\/tbody>\n<\/table>\n\n\n\n<p>\u203b Ph\u00ed tuy\u1ec3n kh\u1ea3o t\u00f9y v\u00e0o t\u1eebng tr\u01b0\u1eddng h\u1ee3p s\u1ebd c\u00f3 kh\u00e1c nhau n\u00ean vui l\u00f2ng li\u00ean h\u1ec7 \u0111\u1ec3 bi\u1ebft th\u00eam chi ti\u1ebft.\u3000<\/p>\n\n\n\n<p>\u203b Ngo\u00e0i ra, vi\u1ec7c thu nh\u1eefng ph\u00ed nh\u01b0 l\u1ec7 ph\u00ed k\u1ef3 thi d\u00e0nh cho du h\u1ecdc sinh, c\u00e1c lo\u1ea1i b\u1ea3o hi\u1ec3m c\u0169ng c\u1ea7n thi\u1ebft. C\u1ee5 th\u1ec3 vui l\u00f2ng li\u00ean h\u1ec7 \u0111\u1ec3 bi\u1ebft th\u00eam chi ti\u1ebft.<\/p>\n\n\n\n<p><\/p>\n","protected":false},"excerpt":{"rendered":"<p>\u56fd\u969b\u6559\u990a\u79d1\u306f\u56fd\u5185\u306e\u65e5\u672c\u8a9e\u5b66\u6821\u5352\u696d\u5f8c\u306b\u9032\u5b66\u3067\u304d\u308b1\u5e74\u5236\u306e\u30b3\u30fc\u30b9\u3067\u3059\u3002\u307e\u305f\u3001\u65e5\u672c\u8a9e\u5b66\u6821\u306b\u901a\u3063\u305f\u3053\u3068\u304c\u306a\u3044\u65b9\u3082\u3001\u65e5\u672c\u8a9e\u80fd\u529b\u8a66\u9a13N2\u4ee5\u4e0a\u3092\u6301\u3063\u3066\u3044\u308c\u3070\u3001\u5165\u5b66\u3059\u308b\u3053\u3068\u304c\u3067\u304d\u307e\u3059\u3002<\/p>\n","protected":false},"author":8,"featured_media":5104,"parent":9,"menu_order":1,"comment_status":"closed","ping_status":"closed","template":"","meta":{"sns_share_botton_hide":"","vkExUnit_sns_title":"","_vk_print_noindex":"","sitemap_hide":"","vkExUnit_sitemap":"","_veu_custom_css":"","veu_display_promotion_alert":"common","_exclude_from_list_pages":"","vkexunit_cta_each_option":"","vkExUnit_childPageIndex":"","vkExUnit_pageList_ancestor":"","vkExUnit_contact_enable":"","footnotes":"","vk-ltc-link":"","vk-ltc-target":"0"},"class_list":["post-1104","page","type-page","status-publish","has-post-thumbnail","hentry"],"veu_head_title_object":{"title":"","add_site_title":""},"_links":{"self":[{"href":"https:\/\/duhoc.mirainomorigakuen.com\/index.php?rest_route=\/wp\/v2\/pages\/1104","targetHints":{"allow":["GET"]}}],"collection":[{"href":"https:\/\/duhoc.mirainomorigakuen.com\/index.php?rest_route=\/wp\/v2\/pages"}],"about":[{"href":"https:\/\/duhoc.mirainomorigakuen.com\/index.php?rest_route=\/wp\/v2\/types\/page"}],"author":[{"embeddable":true,"href":"https:\/\/duhoc.mirainomorigakuen.com\/index.php?rest_route=\/wp\/v2\/users\/8"}],"replies":[{"embeddable":true,"href":"https:\/\/duhoc.mirainomorigakuen.com\/index.php?rest_route=%2Fwp%2Fv2%2Fcomments&post=1104"}],"version-history":[{"count":14,"href":"https:\/\/duhoc.mirainomorigakuen.com\/index.php?rest_route=\/wp\/v2\/pages\/1104\/revisions"}],"predecessor-version":[{"id":3007,"href":"https:\/\/duhoc.mirainomorigakuen.com\/index.php?rest_route=\/wp\/v2\/pages\/1104\/revisions\/3007"}],"up":[{"embeddable":true,"href":"https:\/\/duhoc.mirainomorigakuen.com\/index.php?rest_route=\/wp\/v2\/pages\/9"}],"wp:featuredmedia":[{"embeddable":true,"href":"https:\/\/duhoc.mirainomorigakuen.com\/index.php?rest_route=\/wp\/v2\/media\/5104"}],"wp:attachment":[{"href":"https:\/\/duhoc.mirainomorigakuen.com\/index.php?rest_route=%2Fwp%2Fv2%2Fmedia&parent=1104"}],"curies":[{"name":"wp","href":"https:\/\/api.w.org\/{rel}","templated":true}]}}