{"id":1124,"date":"2019-10-04T12:58:13","date_gmt":"2019-10-04T03:58:13","guid":{"rendered":"http:\/\/www.mirainomori.shop\/x\/wp\/?page_id=1124"},"modified":"2026-02-03T00:48:26","modified_gmt":"2026-02-02T15:48:26","slug":"greetings","status":"publish","type":"page","link":"https:\/\/duhoc.mirainomorigakuen.com\/?page_id=1124","title":{"rendered":"L\u1edcI N\u00d3I \u0110\u1ea6U C\u1ee6A TH\u1ea6Y HI\u1ec6U TR\u01af\u1edeNG"},"content":{"rendered":"\n<div class=\"wp-block-columns has-2-columns is-layout-flex wp-container-core-columns-is-layout-9d6595d7 wp-block-columns-is-layout-flex\">\n<div class=\"wp-block-column is-layout-flow wp-block-column-is-layout-flow\">\n<figure class=\"wp-block-image\"><img loading=\"lazy\" decoding=\"async\" width=\"218\" height=\"207\" src=\"https:\/\/duhoc.mirainomorigakuen.com\/wp-content\/uploads\/2019\/10\/d48e2e54ae8f6744d22edd648a44db2e.jpg\" alt=\"\" class=\"wp-image-1034\"\/><\/figure>\n\n\n\n<h6 class=\"wp-block-heading\">B\u1ea2N T\u00ccNH CA C\u1ee6A TR\u01af\u1edcNG<\/h6>\n\n\n\n<h6 class=\"wp-block-heading\">B\u1ea7u tr\u1eddi,Bi\u1ec3n, v\u00e0 nh\u01b0ng \u01b0\u1edbc m\u01a1<\/h6>\n\n\n\n<p>B\u1ea7u tr\u1eddi kia c\u00f3 \u0111i\u1ec1u g\u00ec \u0111\u00f3<\/p>\n\n\n\n<p>Nh\u1eefng ngh\u0129 suy ch\u00ednh tr\u1ef1c \u0111ang lan t\u1ecfa\ntrong b\u00f3ng \u0111\u00eam<\/p>\n\n\n\n<p><a>Ch\u1ec9 c\u1ea7n m\u1ed9t tr\u00e1i\ntim ch\u00e2n th\u1ef1c s\u1ebd lay \u0111\u1ed9ng t\u1ea5t c\u1ea3<\/a><\/p>\n\n\n\n<p>Tin v\u00e0o ng\u00e0y mai ni\u1ec1m mong m\u1ecfi s\u1ebd \u0111\u1ebfn<\/p>\n\n\n\n<p>\u0110\u1eb7t trong t\u00e2m n\u1ee5 c\u01b0\u1eddi c\u1ee7a ba m\u1eb9 v\u00e0 ng\u1ecdn\nn\u00fai con s\u00f4ng qu\u00ea nh\u00e0<\/p>\n\n\n\n<p>\u0110\u1ec3 gi\u1edd \u0111\u00e2y \u0111i \u0111\u1ebfn m\u1ed9t ch\u00e2n tr\u1eddi m\u1edbi<\/p>\n\n\n\n<p> Ph\u00eda kia l\u1ea5p l\u00e1nh m\u1ed9t m\u00e0u xanh \u00e1nh s\u00e1ng c\u1ee7a bi\u1ec3n c\u1ea3 <\/p>\n\n\n\n<p>T\u00f4i \u0111\u00e3 ch\u1edd m\u1ed9t th\u00e0nh ph\u1ed1 \u0111\u1ea7y l\u00e1 xanh<\/p>\n\n\n\n<p>\u0110\u00e3 quen v\u1edbi vi\u1ec7c qua kh\u00f3c nay c\u01b0\u1eddi<\/p>\n\n\n\n<p>H\u1ecdc v\u1edbi b\u1ea1n v\u00e0 l\u1eddi d\u0103n d\u1ea1y c\u1ee7a m\u1eb9 cha <\/p>\n\n\n\n<p>Ngh\u0129 m\u00e0 xem c\u00e1i \u01b0\u1edbc m\u01a1 m\u00e0 ch\u1ec9 c\u00f3 em m\u1edbi\nl\u00e0m \u0111\u01b0\u1ee3c<\/p>\n\n\n\n<p>Em \u0111\u00e3 v\u1ebd ra \u0111\u00f3&nbsp; Tr\u00ean bi\u1ec3n h\u1ea3i ngo\u1ea1i<\/p>\n\n\n\n<p>N\u01a1i v\u00f9ng \u0111\u1ea5t ph\u00eda b\u1eafc \u0111\u00f3&nbsp; an t\u1ecda v\u00e0 l\u1ea5p l\u00e1nh<\/p>\n\n\n\n<p>T\u00f4i \u0111\u00e3 ch\u1edd m\u1ed9t th\u00e0nh ph\u1ed1 \u0111\u1ea7y k\u1ef3 v\u1ecdng<\/p>\n\n\n\n<p>Nh\u1eb9 nh\u00e0ng b\u1ea3o m\u1ed7i khi tuy\u1ebft l\u1eb1ng l\u1eb7ng r\u01a1i<\/p>\n\n\n\n<p>L\u00f2ng d\u0169ng c\u1ea3m tr\u00ean v\u00f9ng \u0111\u1ea5t m\u00eanh m\u00f4ng<\/p>\n\n\n\n<p>T\u00f4i ng\u00e0y mai s\u1ebd bay l\u00ean c\u00f9ng v\u1edbi gi\u1ea5c m\u01a1 h\u1ea3i ngo\u1ea1i.<\/p>\n<\/div>\n\n\n\n<div class=\"wp-block-column is-layout-flow wp-block-column-is-layout-flow\">\n<p> L\u1eddi \u201cB\u1ea3n t\u00ecnh ca\u201d c\u1ee7a tr\u01b0\u1eddng, \u0111\u01b0\u1ee3c vi\u1ebft v\u00e0o \u0111\u1ea7u n\u0103m 2010. Khi nh\u00e0 tr\u01b0\u1eddng \u0111\u00e3 t\u1eadp h\u1ee3p nh\u1eefng \u201cT\u1eeb ng\u1eef y\u00eau th\u00edch\u201d c\u1ee7a c\u00e1c em h\u1ecdc sinh \u0111ang theo h\u1ecdc t\u1ea1i tr\u01b0\u1eddng, th\u00ec t\u1eeb ng\u1eef n\u1ed5i b\u1eadt nhi\u1ec1u nh\u1ea5t l\u00e0 t\u1eeb \u201c\u01af\u1edbc m\u01a1\u201d. Ca t\u1eeb \u0111\u1ea7u ti\u00ean c\u00f3 c\u00e2u \u201c Ch\u1ec9 c\u1ea7n m\u1ed9t tr\u00e1i tim ch\u00e2n th\u1ef1c s\u1ebd lay \u0111\u1ed9ng t\u1ea5t c\u1ea3\u201d, \u0111\u00f3 l\u00e0 m\u1ed9t suy ngh\u0129 m\u00e0 nh\u1eefng em h\u1ecdc sinh nh\u1eadp h\u1ecdc v\u00e0o tr\u01b0\u1eddng n\u00e0y \u0111\u1ec1u c\u1ea3m nh\u1eadn \u0111\u01b0\u1ee3c.  <\/p>\n\n\n\n<p>\u0110i\u1ec1u quan tr\u1ecdng l\u00e0 \u0111\u00f3 kh\u00f4ng ph\u1ea3i l\u00e0 h\u00ecnh th\u1ee9c, m\u00e0 l\u00e0 th\u1eadt t\u1eeb t\u00e2m. V\u00e0 r\u1ed3i t\u1eeb kh\u00f4ng c\u00f3 kh\u1ea3 n\u0103ng th\u00e0nh c\u00f3 kh\u1ea3 n\u0103ng, vi\u1ec7c th\u1ef1c hi\u1ec7n \u01b0\u1edbc m\u01a1 c\u0169ng gi\u1ed1ng nh\u01b0 v\u1eady. \u201c\u01af\u1edbc m\u01a1\u201d kh\u00f4ng \u1edf n\u01a1i n\u00e0o \u0111\u00f3 xa x\u00f4i, v\u00ec n\u00f3 \u1edf trong \u201ct\u00e2m\u201dm\u00ecnh.<\/p>\n\n\n\n<p>Em c\u00f3 mu\u1ed1n th\u1eed th\u1ef1c hi\u1ec7n \u0111i\u1ec1u \u0111\u00f3 t\u1ea1i tr\u01b0\u1eddng ch\u00fang t\u00f4i \u1edf Sendai, du h\u1ecdc Nh\u1eadt B\u1ea3n b\u01b0\u1edbc \u0111i \u0111\u1ea7u ti\u00ean trong gi\u1ea5c m\u01a1 c\u1ee7a em.<\/p>\n\n\n\n<p> Sendai l\u00e0 m\u1ed9t th\u00e0nh ph\u1ed1 \u1edf ph\u00eda \u0111\u00f4ng b\u1eafc Tokyo. C\u00f3 m\u1ed9t m\u00f4i tr\u01b0\u1eddng s\u1ed1ng tuy\u1ec7t v\u1eddi. L\u00e0 m\u1ed9t th\u00e0nh ph\u1ed1 t\u01b0\u1ee3ng tr\u01b0ng trong t\u01b0\u01a1ng lai, lu\u00f4n \u01b0u ti\u00ean \u0111\u1ed1i v\u1edbi m\u00f4i tr\u01b0\u1eddng, l\u00e0 m\u1ed9t th\u00e0nh ph\u1ed1 h\u00f2a h\u1ee3p v\u1edbi thi\u00ean nhi\u00ean. V\u00e0 v\u1ec1 h\u1ecdc v\u1ea5n th\u00ec h\u1ee3p \u0111\u00fang v\u1edbi c\u00e1i t\u00ean th\u00e0nh ph\u1ed1 h\u1ecdc v\u1ea5n. Tr\u00ecnh \u0111\u1ed9 v\u0103n h\u00f3a cao, v\u1eadt gi\u00e1 r\u1ebb, d\u1ec5 sinh s\u1ed1ng, c\u0169ng \u0111\u01b0\u1ee3c coi l\u00e0 m\u1ed9t th\u00e0nh ph\u1ed1 vui v\u1ebb. H\u01a1n n\u1eefa c\u00f9ng v\u1edbi truy\u1ec1n th\u1ed1ng v\u0103n h\u00f3a c\u1ee7a Nh\u1eadt B\u1ea3n, th\u00e0nh ph\u1ed1 c\u00f2n \u0111\u01b0\u1ee3c coi l\u00e0 m\u1ed9t th\u00e0nh ph\u1ed1 tuy\u1ec7t \u0111\u1eb9p c\u1ee7a c\u1ea3 m\u1ed9t v\u00f9ng. <\/p>\n\n\n\n<p>Ng\u00f4i tr\u01b0\u1eddng \u1edf th\u00e0nh ph\u1ed1 Sendai n\u00e0y \u0111ang \u0111\u1ee3i c\u00e1c em. V\u00e0 S\u1ef1 gi\u1ea3ng d\u1ea1y \u0111\u1ea7y nhi\u1ec7t huy\u1ebft c\u1ee7a c\u00e1c th\u1ea7y c\u00f4 gi\u00e1o c\u0169ng \u0111ang \u0111\u1ee3i c\u00e1c em. Gi\u1ea5c m\u01a1 t\u01b0\u01a1ng lai c\u1ee7a c\u00e1c em, \u0111\u1ec3 th\u1ef1c hi\u1ec7n \u0111\u01b0\u1ee3c \u01b0\u1edbc m\u01a1 l\u1edbn m\u00e0 em \u0111\u00e3 v\u1ebd ra tr\u00ean bi\u1ec3n kh\u01a1i v\u00e0 tr\u00ean b\u1ea7u tr\u1eddi kia, nh\u00e0 tr\u01b0\u1eddng ch\u00fang t\u00f4i s\u1ebd c\u00f3 g\u1eafng h\u1ebft m\u00ecnh \u0111\u1ec3 \u0111\u1ed9ng vi\u00ean c\u00e1c em.<\/p>\n\n\n\n<p>Hi\u1ec7u tr\u01b0\u1edfng Mirainomori Gakuen<\/p>\n\n\n\n<p><\/p>\n<\/div>\n<\/div>\n\n\n\n<p><\/p>\n","protected":false},"excerpt":{"rendered":"<p>\u0110\u00e2y l\u00e0 l\u1eddi n\u00f3i \u0111\u1ea7u c\u1ee7a th\u1ea7y hi\u1ec7u tr\u01b0\u1edfng tr\u01b0\u1eddng t\u01b0 th\u1ee5c H\u1ecdc vi\u1ec7n Mirai no mori<br \/>\n\u0110\u00e2y l\u00e0 B\u1ea3n t\u00ecnh ca c\u1ee7a H\u1ecdc vi\u1ec7n ch\u00fang t\u00f4i <\/p>\n","protected":false},"author":8,"featured_media":4822,"parent":16,"menu_order":1,"comment_status":"closed","ping_status":"closed","template":"","meta":{"sns_share_botton_hide":"","vkExUnit_sns_title":"","_vk_print_noindex":"","sitemap_hide":"","vkExUnit_sitemap":"","_veu_custom_css":"","veu_display_promotion_alert":"common","_exclude_from_list_pages":"","vkexunit_cta_each_option":"","vkExUnit_childPageIndex":"","vkExUnit_pageList_ancestor":"","vkExUnit_contact_enable":"","footnotes":"","vk-ltc-link":"","vk-ltc-target":"0"},"class_list":["post-1124","page","type-page","status-publish","has-post-thumbnail","hentry"],"veu_head_title_object":{"title":"","add_site_title":""},"_links":{"self":[{"href":"https:\/\/duhoc.mirainomorigakuen.com\/index.php?rest_route=\/wp\/v2\/pages\/1124","targetHints":{"allow":["GET"]}}],"collection":[{"href":"https:\/\/duhoc.mirainomorigakuen.com\/index.php?rest_route=\/wp\/v2\/pages"}],"about":[{"href":"https:\/\/duhoc.mirainomorigakuen.com\/index.php?rest_route=\/wp\/v2\/types\/page"}],"author":[{"embeddable":true,"href":"https:\/\/duhoc.mirainomorigakuen.com\/index.php?rest_route=\/wp\/v2\/users\/8"}],"replies":[{"embeddable":true,"href":"https:\/\/duhoc.mirainomorigakuen.com\/index.php?rest_route=%2Fwp%2Fv2%2Fcomments&post=1124"}],"version-history":[{"count":13,"href":"https:\/\/duhoc.mirainomorigakuen.com\/index.php?rest_route=\/wp\/v2\/pages\/1124\/revisions"}],"predecessor-version":[{"id":4809,"href":"https:\/\/duhoc.mirainomorigakuen.com\/index.php?rest_route=\/wp\/v2\/pages\/1124\/revisions\/4809"}],"up":[{"embeddable":true,"href":"https:\/\/duhoc.mirainomorigakuen.com\/index.php?rest_route=\/wp\/v2\/pages\/16"}],"wp:featuredmedia":[{"embeddable":true,"href":"https:\/\/duhoc.mirainomorigakuen.com\/index.php?rest_route=\/wp\/v2\/media\/4822"}],"wp:attachment":[{"href":"https:\/\/duhoc.mirainomorigakuen.com\/index.php?rest_route=%2Fwp%2Fv2%2Fmedia&parent=1124"}],"curies":[{"name":"wp","href":"https:\/\/api.w.org\/{rel}","templated":true}]}}