{"id":1233,"date":"2019-10-16T09:29:03","date_gmt":"2019-10-16T00:29:03","guid":{"rendered":"http:\/\/www.mirainomori.shop\/x\/wp\/?page_id=1233"},"modified":"2026-02-03T00:56:35","modified_gmt":"2026-02-02T15:56:35","slug":"%e3%81%9d%e3%81%ae%e4%bb%96%e3%81%ae%e3%82%b3%e3%83%bc%e3%82%b9","status":"publish","type":"page","link":"https:\/\/duhoc.mirainomorigakuen.com\/?page_id=1233","title":{"rendered":"C\u00c1C KH\u00d3A H\u1eccC KH\u00c1C"},"content":{"rendered":"<div class=\"wp-block-image\">\n<figure class=\"aligncenter size-full\"><a href=\"https:\/\/duhoc.mirainomorigakuen.com\/wp-content\/uploads\/2025\/07\/0e7e56162c658996692c4452b5605563.png\"><img loading=\"lazy\" decoding=\"async\" width=\"652\" height=\"548\" src=\"https:\/\/duhoc.mirainomorigakuen.com\/wp-content\/uploads\/2025\/07\/0e7e56162c658996692c4452b5605563.png\" alt=\"\" class=\"wp-image-4825\" srcset=\"https:\/\/duhoc.mirainomorigakuen.com\/wp-content\/uploads\/2025\/07\/0e7e56162c658996692c4452b5605563.png 652w, https:\/\/duhoc.mirainomorigakuen.com\/wp-content\/uploads\/2025\/07\/0e7e56162c658996692c4452b5605563-300x252.png 300w, https:\/\/duhoc.mirainomorigakuen.com\/wp-content\/uploads\/2025\/07\/0e7e56162c658996692c4452b5605563-100x84.png 100w\" sizes=\"auto, (max-width: 652px) 100vw, 652px\" \/><\/a><\/figure>\n<\/div>\n\n\n<h2 class=\"wp-block-heading\">L\u1edaP GIA S\u01af<\/h2>\n\n\n\n<p>T\u00f9y thu\u1ed9c v\u00e0o m\u1ee5c \u0111\u00edch c\u0169ng nh\u01b0 y\u00eau c\u1ea7u c\u1ee7a ng\u01b0\u1eddi mu\u1ed1n h\u1ecdc \u0111\u1ec3 quy\u1ebft \u0111\u1ecbnh v\u1ec1 th\u1eddi gian, ng\u00e0y h\u1ecdc, ch\u01b0\u01a1ng tr\u00ecnh h\u1ecdc sao cho ti\u1ebft h\u1ecdc \u0111\u1ea1t hi\u1ec7u qu\u1ea3 cao nh\u1ea5t. C\u00f3 th\u1ec3 m\u1edf l\u1edbp gia s\u01b0 cho nh\u00f3m t\u1eeb 2 \u0111\u1ebfn 5 ng\u01b0\u1eddi.<\/p>\n\n\n\n<h2 class=\"wp-block-heading\">KH\u00d3A H\u1eccC NG\u1eaeN H\u1ea0N T\u1eacP TRUNG<\/h2>\n\n\n\n<p>Ch\u01b0\u01a1ng tr\u00ecnh h\u1ecdc t\u1eadp trung t\u00f9y theo m\u1ee5c ti\u00eau \u0111\u1ea1t \u0111\u01b0\u1ee3c v\u00e0 th\u1eddi gian h\u1ecdc<\/p>\n","protected":false},"excerpt":{"rendered":"<p>\u3059\u3067\u306b\u65e5\u672c\u306e\u5728\u7559\u8cc7\u683c\u3092\u6301\u3063\u3066\u3044\u308b\u65b9\u306e\u305f\u3081\u306e\u30b3\u30fc\u30b9\u3067\u3059\u3002\u30d7\u30e9\u30a4\u30d9\u30fc\u30c8\u30ec\u30c3\u30b9\u30f3\u3084\u77ed\u671f\u96c6\u4e2d\u30b3\u30fc\u30b9\u306a\u3069\u3001\u5b66\u3070\u308c\u305f\u3044\u65b9\u306b\u5408\u308f\u305b\u305f\u30ec\u30c3\u30b9\u30f3\u3092\u884c\u3063\u3066\u3044\u304d\u307e\u3059\u3002<\/p>\n","protected":false},"author":8,"featured_media":4987,"parent":9,"menu_order":2,"comment_status":"closed","ping_status":"closed","template":"","meta":{"sns_share_botton_hide":"","vkExUnit_sns_title":"","_vk_print_noindex":"","sitemap_hide":"","vkExUnit_sitemap":"","_veu_custom_css":"","veu_display_promotion_alert":"common","_exclude_from_list_pages":"","vkexunit_cta_each_option":"","vkExUnit_childPageIndex":"","vkExUnit_pageList_ancestor":"","vkExUnit_contact_enable":"","footnotes":"","vk-ltc-link":"","vk-ltc-target":"0"},"class_list":["post-1233","page","type-page","status-publish","has-post-thumbnail","hentry"],"veu_head_title_object":{"title":"","add_site_title":""},"_links":{"self":[{"href":"https:\/\/duhoc.mirainomorigakuen.com\/index.php?rest_route=\/wp\/v2\/pages\/1233","targetHints":{"allow":["GET"]}}],"collection":[{"href":"https:\/\/duhoc.mirainomorigakuen.com\/index.php?rest_route=\/wp\/v2\/pages"}],"about":[{"href":"https:\/\/duhoc.mirainomorigakuen.com\/index.php?rest_route=\/wp\/v2\/types\/page"}],"author":[{"embeddable":true,"href":"https:\/\/duhoc.mirainomorigakuen.com\/index.php?rest_route=\/wp\/v2\/users\/8"}],"replies":[{"embeddable":true,"href":"https:\/\/duhoc.mirainomorigakuen.com\/index.php?rest_route=%2Fwp%2Fv2%2Fcomments&post=1233"}],"version-history":[{"count":6,"href":"https:\/\/duhoc.mirainomorigakuen.com\/index.php?rest_route=\/wp\/v2\/pages\/1233\/revisions"}],"predecessor-version":[{"id":4826,"href":"https:\/\/duhoc.mirainomorigakuen.com\/index.php?rest_route=\/wp\/v2\/pages\/1233\/revisions\/4826"}],"up":[{"embeddable":true,"href":"https:\/\/duhoc.mirainomorigakuen.com\/index.php?rest_route=\/wp\/v2\/pages\/9"}],"wp:featuredmedia":[{"embeddable":true,"href":"https:\/\/duhoc.mirainomorigakuen.com\/index.php?rest_route=\/wp\/v2\/media\/4987"}],"wp:attachment":[{"href":"https:\/\/duhoc.mirainomorigakuen.com\/index.php?rest_route=%2Fwp%2Fv2%2Fmedia&parent=1233"}],"curies":[{"name":"wp","href":"https:\/\/api.w.org\/{rel}","templated":true}]}}