{"id":13,"date":"2012-01-20T16:58:29","date_gmt":"2012-01-20T07:58:29","guid":{"rendered":"http:\/\/bizvektor.directweb.jp\/?page_id=13"},"modified":"2026-02-03T00:46:36","modified_gmt":"2026-02-02T15:46:36","slug":"schooloutline","status":"publish","type":"page","link":"https:\/\/duhoc.mirainomorigakuen.com\/?page_id=13","title":{"rendered":"KH\u00c1I QU\u00c1T V\u1ec0 TR\u01af\u1edcNG"},"content":{"rendered":"\n<h2 class=\"wp-block-heading\">KH\u00c1I QU\u00c1T V\u1ec0 TR\u01af\u1edcNG<\/h2>\n\n\n\n<figure class=\"wp-block-table table-striped table-bordered\"><table><tbody><tr><td>T\u00caN TR\u01af\u1edcNG<\/td><td>GAKKOUHOUJIN YUUGAKUKAN MIRAINOMORIGAKUEN<\/td><\/tr><tr><td>CH\u1ee6 T\u1ecaCH TR\u01af\u1edeNG<\/td><td>YUKI YOKO<\/td><\/tr><tr><td>HI\u1ec6U TR\u01af\u1edeNG<\/td><td>WAKASA SHUHEI <\/td><\/tr><tr><td>\u0110\u1ecaA CH\u1ec8<\/td><td>Miyagiken Sendaishi Aobaku Kitamemachi 2-24<\/td><\/tr><tr><td>S\u1ed0 \u0110I\u1ec6N THO\u1ea0I<\/td><td>022-221-3211<\/td><\/tr><tr><td>FAX<\/td><td>022-221-2545<\/td><\/tr><tr><td>EMAIL<\/td><td>info@mirainomorigakuen.com<\/td><\/tr><\/tbody><\/table><\/figure>\n\n\n\n<h2 class=\"wp-block-heading\">Qu\u00e1 tr\u00ecnh ph\u00e1t tri\u1ec3n c\u1ee7a H\u1ecdc Vi\u1ec7n Mirai No Mori<\/h2>\n\n\n\n<p><span style=\"color: #008000;\">1972. 4<\/span>\u3000Th\u00e0nh l\u1eadp Hi\u1ec7p H\u1ed9i Gi\u00e1o D\u1ee5c Mirai &#8211; \u0111\u00e0o t\u1ea1o ti\u1ebfng Anh v\u00e0 To\u00e1n<\/p>\n<p><span style=\"color: #008000;\">1974.10<\/span>\u3000M\u1edf ch\u01b0\u01a1ng tr\u00ecnh \u0111\u00e0o t\u1ea1o ti\u1ebfng Anh cho tr\u1ebb em<\/p>\n<p><span style=\"color: #008000;\">1979. 6<\/span>\u3000Th\u00e0nh l\u1eadp tr\u01b0\u1eddng Sendai English Center, khai gi\u1ea3ng kh\u00f3a h\u1ecdc ti\u1ebfng Anh giao ti\u1ebfp<\/p>\n<p><span style=\"color: #008000;\">1980. 4<\/span>\u3000Khai gi\u1ea3ng kh\u00f3a h\u1ecdc ti\u1ebfng Trung Qu\u1ed1c<\/p>\n<p>\u3000\u3000\u3000\u3000\u3000M\u1edf ch\u01b0\u01a1ng tr\u00ecnh \u0111\u00e0o t\u1ea1o ti\u1ebfng Nh\u1eadt<\/p>\n<p><span style=\"color: #008000;\">1989. 9<\/span>\u3000Hi\u1ec7p H\u1ed9i Gi\u00e1o D\u1ee5c Mirai khai gi\u1ea3ng l\u1edbp h\u1ecdc h\u1ecdc t\u1eadp th\u00f4ng qua m\u00e1y Fax<\/p>\n<p><span style=\"color: #008000;\">1989.11<\/span>\u3000Khai gi\u1ea3ng kh\u00f3a h\u1ecdc ti\u1ebfng Ph\u00e1p<\/p>\n<p><span style=\"color: #008000;\">1990.10<\/span>\u3000Khai gi\u1ea3ng kh\u00f3a h\u1ecdc ti\u1ebfng \u0110\u1ee9c v\u00e0 ti\u1ebfng T\u00e2y Ban Nha<\/p>\n<p><span style=\"color: #008000;\">1992. 6<\/span>\u3000Khai gi\u1ea3ng kh\u00f3a b\u1ed3i d\u01b0\u1ee1ng gi\u00e1o vi\u00ean ti\u1ebfng Nh\u1eadt<\/p>\n<p><span style=\"color: #008000;\">1992.10<\/span>\u3000Khai gi\u1ea3ng kh\u00f3a h\u1ecdc ti\u1ebfng \u00dd<\/p>\n<p><span style=\"color: #008000;\">1993. 2<\/span>\u3000Khai gi\u1ea3ng kh\u00f3a h\u1ecdc ti\u1ebfng H\u00e0n Qu\u1ed1c<\/p>\n<p><span style=\"color: #008000;\">1993. 4<\/span>\u3000Khai gi\u1ea3ng khoa ti\u1ebfng Nh\u1eadt<\/p>\n<p><span style=\"color: #008000;\">2001.10<\/span>\u3000M\u1edf tr\u01b0\u1eddng t\u1ea1i Sapporo<\/p>\n<p><span style=\"color: #008000;\">2016. 4<\/span>\u3000M\u1edf tr\u01b0\u1eddng T\u01b0 Th\u1ee5c Yugakukan H\u1ecdc Vi\u1ec7n Mirai No Mori<\/p>\n<p>\u3000\u3000\u3000\u3000\u3000Khai gi\u1ea3ng khoa Gi\u00e1o D\u1ee5c Qu\u1ed1c T\u1ebf<\/p>\n\n\n\n<h2 class=\"wp-block-heading\">C\u00e1ch di chuy\u1ec3n t\u1edbi<\/h2>\n\n\n\n\n\n<hr class=\"wp-block-separator has-css-opacity\"\/>\n\n\n\n<iframe loading=\"lazy\" style=\"border: 0;\" src=\"https:\/\/www.google.com\/maps\/embed?pb=!1m18!1m12!1m3!1d3132.9222174141823!2d140.87703680158606!3d38.258109998551646!2m3!1f0!2f0!3f0!3m2!1i1024!2i768!4f13.1!3m3!1m2!1s0x5f8a281795300001%3A0xb2176e141aa6cff5!2z5a2m5qCh5rOV5Lq6IOe1kOWtpumkqCDmnKrmnaXjga7mnZzlrablnJIgKFRyxrDhu51uZyBNaXJhaSk!5e0!3m2!1sja!2sjp!4v1570150809424!5m2!1sja!2sjp\" width=\"750\" height=\"400\" frameborder=\"0\" allowfullscreen=\"allowfullscreen\"><\/iframe>\n\n\n\n<style>\n    .video-container {\n        position: relative;\n        padding-bottom: 56.25%; \/* T\u1ef7 l\u1ec7 16:9 *\/\n        height: 0;\n        overflow: hidden;\n        max-width: 100%;\n        background: #000;\n        border-radius: 8px; \/* Bo tr\u00f2n g\u00f3c cho \u0111\u1eb9p *\/\n        box-shadow: 0 4px 15px rgba(0,0,0,0.2); \/* \u0110\u1ed5 b\u00f3ng *\/\n    }\n    .video-container iframe {\n        position: absolute;\n        top: 0;\n        left: 0;\n        width: 100%;\n        height: 100%;\n    }\n<\/style>\n\n<div class=\"video-container\">\n    <iframe \n        src=\"https:\/\/www.youtube.com\/embed\/IscIzKiBG0c\" \n        title=\"Mirai no Mori Gakuen Video\"\n        frameborder=\"0\" \n        allow=\"accelerometer; autoplay; clipboard-write; encrypted-media; gyroscope; picture-in-picture\" \n        allowfullscreen>\n    <\/iframe>\n<\/div>\n\n\n\n<p><\/p>\n","protected":false},"excerpt":{"rendered":"<p>V\u1ec1 \u0111\u1ecba ch\u1ec9, c\u0169ng nh\u01b0 ph\u01b0\u01a1ng th\u1ee9c li\u00ean h\u1ec7, hay nh\u1eefng th\u00f4ng tin c\u01a1 b\u1ea3n c\u1ee7a h\u1ecdc vi\u1ec7n ch\u00fang t\u00f4i, c\u00f3 th\u1ec3 xem t\u1ea1i \u0111\u00e2y!<br \/>\nC\u00f3 b\u1ea3n \u0111\u1ed3, v\u00e0 h\u01b0\u1edbng d\u1eabn \u0111\u01b0\u1eddng \u0111i \u0111\u1ebfn tr\u01b0\u1eddng \u0111\u1ebfn h\u1ecdc vi\u1ec7n ch\u00fang t\u00f4i.<\/p>\n","protected":false},"author":8,"featured_media":5099,"parent":16,"menu_order":0,"comment_status":"closed","ping_status":"closed","template":"","meta":{"sns_share_botton_hide":"","vkExUnit_sns_title":"","_vk_print_noindex":"","sitemap_hide":"","vkExUnit_sitemap":"","_veu_custom_css":"","veu_display_promotion_alert":"common","_exclude_from_list_pages":"","vkexunit_cta_each_option":"disable","vkExUnit_childPageIndex":"","vkExUnit_pageList_ancestor":"","vkExUnit_contact_enable":"","footnotes":"","vk-ltc-link":"","vk-ltc-target":"0"},"class_list":["post-13","page","type-page","status-publish","has-post-thumbnail","hentry"],"veu_head_title_object":{"title":"","add_site_title":""},"_links":{"self":[{"href":"https:\/\/duhoc.mirainomorigakuen.com\/index.php?rest_route=\/wp\/v2\/pages\/13","targetHints":{"allow":["GET"]}}],"collection":[{"href":"https:\/\/duhoc.mirainomorigakuen.com\/index.php?rest_route=\/wp\/v2\/pages"}],"about":[{"href":"https:\/\/duhoc.mirainomorigakuen.com\/index.php?rest_route=\/wp\/v2\/types\/page"}],"author":[{"embeddable":true,"href":"https:\/\/duhoc.mirainomorigakuen.com\/index.php?rest_route=\/wp\/v2\/users\/8"}],"replies":[{"embeddable":true,"href":"https:\/\/duhoc.mirainomorigakuen.com\/index.php?rest_route=%2Fwp%2Fv2%2Fcomments&post=13"}],"version-history":[{"count":22,"href":"https:\/\/duhoc.mirainomorigakuen.com\/index.php?rest_route=\/wp\/v2\/pages\/13\/revisions"}],"predecessor-version":[{"id":5112,"href":"https:\/\/duhoc.mirainomorigakuen.com\/index.php?rest_route=\/wp\/v2\/pages\/13\/revisions\/5112"}],"up":[{"embeddable":true,"href":"https:\/\/duhoc.mirainomorigakuen.com\/index.php?rest_route=\/wp\/v2\/pages\/16"}],"wp:featuredmedia":[{"embeddable":true,"href":"https:\/\/duhoc.mirainomorigakuen.com\/index.php?rest_route=\/wp\/v2\/media\/5099"}],"wp:attachment":[{"href":"https:\/\/duhoc.mirainomorigakuen.com\/index.php?rest_route=%2Fwp%2Fv2%2Fmedia&parent=13"}],"curies":[{"name":"wp","href":"https:\/\/api.w.org\/{rel}","templated":true}]}}