{"id":16,"date":"2012-01-20T17:09:53","date_gmt":"2012-01-20T08:09:53","guid":{"rendered":"http:\/\/bizvektor.directweb.jp\/?page_id=16"},"modified":"2026-02-03T17:39:29","modified_gmt":"2026-02-03T08:39:29","slug":"school","status":"publish","type":"page","link":"https:\/\/duhoc.mirainomorigakuen.com\/?page_id=16","title":{"rendered":"GI\u1edaI THI\u1ec6U V\u1ec0 TR\u01af\u1edcNG"},"content":{"rendered":"<div class=\"wp-block-image\">\n<figure class=\"aligncenter size-large\"><a href=\"https:\/\/duhoc.mirainomorigakuen.com\/wp-content\/uploads\/2025\/12\/IMG_1365-scaled.jpg\"><img loading=\"lazy\" decoding=\"async\" width=\"832\" height=\"1024\" src=\"https:\/\/duhoc.mirainomorigakuen.com\/wp-content\/uploads\/2025\/12\/IMG_1365-832x1024.jpg\" alt=\"\" class=\"wp-image-4933\" srcset=\"https:\/\/duhoc.mirainomorigakuen.com\/wp-content\/uploads\/2025\/12\/IMG_1365-832x1024.jpg 832w, https:\/\/duhoc.mirainomorigakuen.com\/wp-content\/uploads\/2025\/12\/IMG_1365-244x300.jpg 244w, https:\/\/duhoc.mirainomorigakuen.com\/wp-content\/uploads\/2025\/12\/IMG_1365-768x945.jpg 768w, https:\/\/duhoc.mirainomorigakuen.com\/wp-content\/uploads\/2025\/12\/IMG_1365-100x123.jpg 100w, https:\/\/duhoc.mirainomorigakuen.com\/wp-content\/uploads\/2025\/12\/IMG_1365-1248x1536.jpg 1248w, https:\/\/duhoc.mirainomorigakuen.com\/wp-content\/uploads\/2025\/12\/IMG_1365-1665x2048.jpg 1665w\" sizes=\"auto, (max-width: 832px) 100vw, 832px\" \/><\/a><\/figure>\n<\/div>\n\n\n<h2 class=\"wp-block-heading\"> V\u1ec0 TR\u01af\u1edcNG T\u01af TH\u1ee4C YUGAKUKAN&nbsp; H\u1eccC VI\u1ec6N MIRAI NO MORI <\/h2>\n\n\n\n<p> Ti\u1ec1n th\u00e2n c\u1ee7a tr\u01b0\u1eddng Nh\u1eadt ng\u1eef <strong>H\u1ecdc vi\u1ec7n Mirai no Mori<\/strong> l\u00e0<strong> Trung t\u00e2m Anh ng\u1eef Sendai.<\/strong> \u0110\u01b0\u1ee3c th\u00e0nh l\u1eadp v\u00e0o n\u0103m 1979, Tr\u01b0\u1eddng \u0111\u00e3 d\u00e0nh t\u00e2m huy\u1ebft v\u00e0o l\u0129nh v\u1ef1c gi\u00e1o d\u1ee5c ng\u00f4n ng\u1eef, b\u01b0\u1edbc \u0111\u1ea7u l\u00e0 gi\u1ea3ng d\u1ea1y v\u1ec1 Anh ng\u1eef. Nh\u00e0 tr\u01b0\u1eddng \u0111\u00e3 n\u1ed7 l\u1ef1c \u0111\u1ec3 t\u1ea1o ra m\u1ed9t m\u00f4i tr\u01b0\u1eddng gi\u00e1o d\u1ee5c t\u1ed1t, v\u00e0 v\u00e0o th\u00e1ng 4 n\u0103m 1993 \u0111\u00e3 m\u1edf th\u00eam Khoa ti\u1ebfng Nh\u1eadt. <\/p>\n\n\n\n<p>V\u00e0o th\u00e1ng 4\/2016 \u0111\u00e3 ch\u00ednh th\u1ee9c th\u00e0nh l\u1eadp tr\u01b0\u1eddng v\u1edbi t\u00ean ph\u00e1p nh\u00e2n l\u00e0 \u201cTr\u01b0\u1eddng T\u01b0 Th\u1ee5c Yugakukan\u201d, v\u00e0 \u0111\u00e3 khai gi\u1ea3ng kh\u00f3a h\u1ecdc c\u00f3 t\u00ean l\u00e0 \u201cKhoa Gi\u00e1o D\u1ee5c Qu\u1ed1c T\u1ebf\u201d \u2013 kh\u00f3a h\u1ecdc d\u00e0nh cho nh\u1eefng b\u1ea1n \u0111\u00e3 t\u1ed1t nghi\u1ec7p tr\u01b0\u1eddng Nh\u1eadt ng\u1eef h\u1ecdc ti\u1ebfp th\u00eam 1 n\u0103m \u0111\u1ec3 c\u00f3 th\u1ec3 thi ti\u1ebfp l\u00ean c\u00e1c tr\u01b0\u1eddng \u0110\u1ea1i H\u1ecdc c\u00f3 ch\u1ea5t l\u01b0\u1ee3ng cao. K\u1ebft qu\u1ea3 c\u1ee7a vi\u1ec7c n\u1ed7 l\u1ef1c, kh\u00f4ng t\u1eeb b\u1ecf \u01b0\u1edbc m\u01a1 \u0111\u00f3 l\u00e0 \u0111\u00e3 c\u00f3 nh\u1eefng h\u1ecdc sinh thi \u0111\u1eadu v\u00e0o c\u00e1c tr\u01b0\u1eddng \u0111\u1ea1i h\u1ecdc qu\u1ed1c l\u1eadp.<\/p>\n\n\n\n<p>Hi\u1ec7n t\u1ea1i th\u00ec h\u00e0ng n\u0103m c\u00f3 kho\u1ea3ng 200 du h\u1ecdc sinh t\u1ed1t nghi\u1ec7p t\u1ea1i tr\u01b0\u1eddng v\u00e0 h\u1ecdc ti\u1ebfp l\u00ean \u0111\u1ea1i h\u1ecdc ho\u1eb7c cao h\u1ecdc. Ch\u00fang t\u00f4i \u0111ang n\u1ed7 l\u1ef1c gi\u00e1o d\u1ee5c ti\u1ebfng Nh\u1eadt, ch\u1ec9 \u0111\u1ea1o \u0111\u1ecbnh h\u01b0\u1edbng trong h\u1ecdc t\u1eadp, ch\u1ec9 \u0111\u1ea1o \u0111inh h\u01b0\u1edbng trong sinh ho\u1ea1t\u2026 \u0111\u1ec3 c\u00f3 th\u1ec3 \u0111\u00e0o t\u1ea1o ngu\u1ed3n nh\u00e2n l\u1ef1c t\u1eeb Th\u00e0nh Ph\u1ed1 C\u00e2y Xanh \u2013 Th\u00e0nh Ph\u1ed1 h\u1ecdc v\u1ea5n Sendai v\u01b0\u01a1n ra kh\u1eafp th\u1ebf gi\u1edbi.<\/p>\n\n\n\n<figure class=\"wp-block-gallery has-nested-images columns-2 aligncenter wp-block-gallery-1 is-layout-flex wp-block-gallery-is-layout-flex\">\n<figure class=\"wp-block-image size-large\"><img loading=\"lazy\" decoding=\"async\" width=\"1024\" height=\"768\" data-id=\"1087\" src=\"https:\/\/duhoc.mirainomorigakuen.com\/wp-content\/uploads\/2019\/10\/20161130-064-1024x768.jpg\" alt=\"\" class=\"wp-image-1087\" srcset=\"https:\/\/duhoc.mirainomorigakuen.com\/wp-content\/uploads\/2019\/10\/20161130-064-1024x768.jpg 1024w, https:\/\/duhoc.mirainomorigakuen.com\/wp-content\/uploads\/2019\/10\/20161130-064-300x225.jpg 300w, https:\/\/duhoc.mirainomorigakuen.com\/wp-content\/uploads\/2019\/10\/20161130-064-768x576.jpg 768w\" sizes=\"auto, (max-width: 1024px) 100vw, 1024px\" \/><figcaption class=\"wp-element-caption\"><strong> 1\u30af\u30e9\u30b9\u7d0420\u4eba\u306e\u5c11\u4eba\u6570\u5fb9\u5e95\u6307\u5c0e <\/strong><\/figcaption><\/figure>\n\n\n\n<figure class=\"wp-block-image size-large\"><img loading=\"lazy\" decoding=\"async\" width=\"1024\" height=\"768\" data-id=\"1084\" src=\"https:\/\/duhoc.mirainomorigakuen.com\/wp-content\/uploads\/2019\/10\/IMG_2041-1024x768.jpg\" alt=\"\" class=\"wp-image-1084\" srcset=\"https:\/\/duhoc.mirainomorigakuen.com\/wp-content\/uploads\/2019\/10\/IMG_2041-1024x768.jpg 1024w, https:\/\/duhoc.mirainomorigakuen.com\/wp-content\/uploads\/2019\/10\/IMG_2041-300x225.jpg 300w, https:\/\/duhoc.mirainomorigakuen.com\/wp-content\/uploads\/2019\/10\/IMG_2041-768x576.jpg 768w, https:\/\/duhoc.mirainomorigakuen.com\/wp-content\/uploads\/2019\/10\/IMG_2041.jpg 1600w\" sizes=\"auto, (max-width: 1024px) 100vw, 1024px\" \/><figcaption class=\"wp-element-caption\"><strong> \u8c4a\u5bcc\u306a\u9032\u5b66\u60c5\u5831\u306b\u57fa\u3065\u304d\u3001\u5408\u683c\u3092\u76ee\u6307\u3059\u9032\u5b66\u6307\u5c0e<br>\u6307\u5c0e\u71b1\u5fc3\u3067\u89aa\u5207\u306a\u30d7\u30ed\u306e\u6559\u5e2b\u9663 <\/strong><\/figcaption><\/figure>\n\n\n\n<figure class=\"wp-block-image size-large\"><img loading=\"lazy\" decoding=\"async\" width=\"1024\" height=\"768\" data-id=\"1090\" src=\"https:\/\/duhoc.mirainomorigakuen.com\/wp-content\/uploads\/2019\/10\/IMG_1568-1024x768.jpg\" alt=\"\" class=\"wp-image-1090\" srcset=\"https:\/\/duhoc.mirainomorigakuen.com\/wp-content\/uploads\/2019\/10\/IMG_1568-1024x768.jpg 1024w, https:\/\/duhoc.mirainomorigakuen.com\/wp-content\/uploads\/2019\/10\/IMG_1568-300x225.jpg 300w, https:\/\/duhoc.mirainomorigakuen.com\/wp-content\/uploads\/2019\/10\/IMG_1568-768x576.jpg 768w\" sizes=\"auto, (max-width: 1024px) 100vw, 1024px\" \/><figcaption class=\"wp-element-caption\"><strong> \u307f\u3093\u306a\u3067\u697d\u3057\u3081\u308b\u884c\u4e8b\u3082\u3042\u308a\u307e\u3059 <\/strong><\/figcaption><\/figure>\n\n\n\n<figure class=\"wp-block-image size-large\"><img loading=\"lazy\" decoding=\"async\" width=\"1024\" height=\"769\" data-id=\"1121\" src=\"https:\/\/duhoc.mirainomorigakuen.com\/wp-content\/uploads\/2019\/10\/IMG_1644-1-e1570160980417-1024x769.jpg\" alt=\"\" class=\"wp-image-1121\" srcset=\"https:\/\/duhoc.mirainomorigakuen.com\/wp-content\/uploads\/2019\/10\/IMG_1644-1-e1570160980417-1024x769.jpg 1024w, https:\/\/duhoc.mirainomorigakuen.com\/wp-content\/uploads\/2019\/10\/IMG_1644-1-e1570160980417-300x225.jpg 300w, https:\/\/duhoc.mirainomorigakuen.com\/wp-content\/uploads\/2019\/10\/IMG_1644-1-e1570160980417-768x577.jpg 768w\" sizes=\"auto, (max-width: 1024px) 100vw, 1024px\" \/><figcaption class=\"wp-element-caption\"><strong> \u751f\u6d3b\u8cbb\u304c\u5b89\u304f\u3001\u66ae\u3089\u3057\u3084\u3059\u3044\u4ed9\u53f0\u3067\u306e\u52c9\u5b66<br>\u5b66\u6821\u306f\u4ed9\u53f0\u99c5\u897f\u53e3\u304b\u3089\u5f92\u6b69\uff13\u5206\u3068\u4fbf\u5229 <\/strong><\/figcaption><\/figure>\n<\/figure>\n","protected":false},"excerpt":{"rendered":"<p>V\u1ec0 TR\u01af\u1edcNG T\u01af TH\u1ee4C YUGAKUKAN&nbsp; H\u1eccC VI\u1ec6N MIRAI NO MORI Ti\u1ec1n th\u00e2n c\u1ee7a tr\u01b0\u1eddng Nh\u1eadt ng\u1eef H\u1ecdc vi\u1ec7n Mirai no Mori l\u00e0 Trung t\u00e2m Anh ng\u1eef Sendai. \u0110\u01b0\u1ee3c th\u00e0nh l\u1eadp v\u00e0o n\u0103m 1979, Tr\u01b0\u1eddng \u0111\u00e3 d\u00e0nh t\u00e2m huy\u1ebft v\u00e0o l\u0129nh v\u1ef1c gi\u00e1o d\u1ee5c ng\u00f4n ng\u1eef, b\u01b0\u1edbc \u0111\u1ea7u l\u00e0 gi\u1ea3ng d\u1ea1y v\u1ec1 Anh ng\u1eef. Nh\u00e0 tr\u01b0\u1eddng \u0111\u00e3 n\u1ed7 l\u1ef1c \u0111\u1ec3 t\u1ea1o ra m\u1ed9t m\u00f4i tr\u01b0\u1eddng gi\u00e1o d\u1ee5c t\u1ed1t, v\u00e0 v\u00e0o th\u00e1ng 4 n\u0103m 1993 \u0111\u00e3 m\u1edf th\u00eam Khoa ti\u1ebfng Nh\u1eadt. V\u00e0o th\u00e1ng 4\/2016 \u0111\u00e3 ch\u00ednh th\u1ee9c th\u00e0nh l\u1eadp tr\u01b0\u1eddng v\u1edbi t\u00ean ph\u00e1p nh\u00e2n l\u00e0 \u201cTr\u01b0\u1eddng T\u01b0 Th\u1ee5c Yugakukan\u201d, v\u00e0 \u0111\u00e3 khai gi\u1ea3ng kh\u00f3a h\u1ecdc c\u00f3 t\u00ean l\u00e0 \u201cKhoa Gi\u00e1o D\u1ee5c Qu\u1ed1c [&hellip;]<\/p>\n","protected":false},"author":8,"featured_media":5098,"parent":0,"menu_order":4,"comment_status":"closed","ping_status":"closed","template":"","meta":{"sns_share_botton_hide":"true","vkExUnit_sns_title":"","_vk_print_noindex":"","sitemap_hide":"","vkExUnit_sitemap":"","_veu_custom_css":"","veu_display_promotion_alert":"common","_exclude_from_list_pages":"","vkexunit_cta_each_option":"","vkExUnit_childPageIndex":"on","vkExUnit_pageList_ancestor":null,"vkExUnit_contact_enable":null,"footnotes":"","vk-ltc-link":"","vk-ltc-target":"0"},"class_list":["post-16","page","type-page","status-publish","has-post-thumbnail","hentry"],"veu_head_title_object":{"title":"","add_site_title":""},"_links":{"self":[{"href":"https:\/\/duhoc.mirainomorigakuen.com\/index.php?rest_route=\/wp\/v2\/pages\/16","targetHints":{"allow":["GET"]}}],"collection":[{"href":"https:\/\/duhoc.mirainomorigakuen.com\/index.php?rest_route=\/wp\/v2\/pages"}],"about":[{"href":"https:\/\/duhoc.mirainomorigakuen.com\/index.php?rest_route=\/wp\/v2\/types\/page"}],"author":[{"embeddable":true,"href":"https:\/\/duhoc.mirainomorigakuen.com\/index.php?rest_route=\/wp\/v2\/users\/8"}],"replies":[{"embeddable":true,"href":"https:\/\/duhoc.mirainomorigakuen.com\/index.php?rest_route=%2Fwp%2Fv2%2Fcomments&post=16"}],"version-history":[{"count":23,"href":"https:\/\/duhoc.mirainomorigakuen.com\/index.php?rest_route=\/wp\/v2\/pages\/16\/revisions"}],"predecessor-version":[{"id":5116,"href":"https:\/\/duhoc.mirainomorigakuen.com\/index.php?rest_route=\/wp\/v2\/pages\/16\/revisions\/5116"}],"wp:featuredmedia":[{"embeddable":true,"href":"https:\/\/duhoc.mirainomorigakuen.com\/index.php?rest_route=\/wp\/v2\/media\/5098"}],"wp:attachment":[{"href":"https:\/\/duhoc.mirainomorigakuen.com\/index.php?rest_route=%2Fwp%2Fv2%2Fmedia&parent=16"}],"curies":[{"name":"wp","href":"https:\/\/api.w.org\/{rel}","templated":true}]}}