{"id":1806,"date":"2020-06-21T16:35:14","date_gmt":"2020-06-21T07:35:14","guid":{"rendered":"https:\/\/duhoc.mirainomorigakuen.com\/?page_id=1806"},"modified":"2021-10-29T11:29:02","modified_gmt":"2021-10-29T02:29:02","slug":"hoc-phi","status":"publish","type":"page","link":"https:\/\/duhoc.mirainomorigakuen.com\/?page_id=1806","title":{"rendered":"H\u1eccC PH\u00cd"},"content":{"rendered":"\n<p> B\u1ea1n c\u00f3 th\u1ec3 tham kh\u1ea3o v\u1ec1 h\u1ecdc ph\u00ed chi ti\u1ebft c\u1ee7a ch\u00fang t\u00f4i t\u1eeb A~Z t\u1ea1i \u0111\u00e2y c\u1ee7a ch\u00fang t\u00f4i. Tho\u1ea1t nh\u00ecn c\u00f3 l\u1ebd c\u00e1c b\u1ea1n s\u1ebd c\u1ea3m th\u1ea5y t\u1ed5ng s\u1ed1 ti\u1ec1n h\u1ecdc ph\u00ed s\u1ebd r\u1ea5t l\u1edbn so v\u1edbi nh\u1eefng tr\u01b0\u1eddng kh\u00e1c, nh\u01b0ng \u0111\u00f3 \u0111\u1ec1u l\u00e0 nh\u1eefng kho\u1ea3n m\u00e0 c\u00e1c b\u1ea1n \u0111\u00e1ng ph\u1ea3i chi trong qu\u00e1 tr\u00ecnh du h\u1ecdc, ch\u1ec9 c\u00f3 \u0111i\u1ec1u l\u00e0 nh\u00e0 tr\u01b0\u1eddng \u0111\u00f3ng thay cho c\u00e1c b\u1ea1n, hay c\u00e1c b\u1ea1n t\u1ef1 \u0111\u00f3ng m\u00e0 th\u00f4i, \u0111\u1eb7c bi\u1ec7t v\u00ed d\u1ee5 nh\u01b0 s\u1ed1 ti\u1ec1n b\u1ea3o hi\u1ec3m s\u1ee9c kh\u1ecfe qu\u1ed1c d\u00e2n, \u0111\u00f3 l\u00e0 ti\u1ec1n b\u1ea3o hi\u1ec3m m\u00e0 h\u1ea7u nh\u01b0 to\u00e0n b\u1ed9 ng\u01b0\u1eddi d\u00e2n s\u1ed1ng t\u1ea1i Nh\u1eadt B\u1ea3n \u0111\u1ec1u ph\u1ea3i \u0111\u00f3ng. Nh\u01b0ng do c\u00f3 m\u1ed9t s\u1ed1 h\u1ecdc sinh kh\u00f4ng t\u1ef1 gi\u00e1c \u0111\u00f3ng, n\u00ean nh\u00e0 tr\u01b0\u1eddng thu tr\u01b0\u1edbc \u0111\u1ec3 \u0111\u00f3ng thay cho h\u1ecdc sinh. <\/p>\n\n\n\n<p> M\u1ed9t s\u1ed1 tr\u01b0\u1eddng s\u1ebd \u0111\u1ec3 cho h\u1ecdc sinh t\u1ef1 \u0111\u00f3ng, kh\u00f4ng thu tr\u01b0\u1edbc nh\u1eefng kho\u1ea3n ti\u1ec1n \u0111\u00f3, n\u00ean s\u1ed1 ti\u1ec1n ban \u0111\u1ea7u n\u00f3i cho c\u00e1c em bi\u1ebft, s\u1ebd r\u1ea5t th\u1ea5p, \u0111\u1ec3 thu h\u00fat s\u1ef1 l\u1ef1a ch\u1ecdn b\u00ean c\u00f3 h\u1ecdc ph\u00ed r\u1ebb c\u1ee7a h\u1ecdc sinh, nh\u01b0ng th\u1ef1c t\u1ebf khi c\u00e1c em sang nh\u1eadt, v\u1eabn ph\u1ea3i chi tr\u1ea3 nh\u1eefng s\u1ed1 ti\u1ec1n \u0111\u00f3, n\u1ebfu t\u00ednh t\u1ed5ng l\u1ea1i th\u00ec c\u00e1c em s\u1ebd nh\u1eadn th\u1ea5y, s\u1ed1 ti\u1ec1n t\u1ed5ng ch\u1ec9 ti\u1ebft m\u00e0 c\u00e1c em \u0111\u00e3 trang tr\u1ea3i t\u1ea1i Nh\u1eadt B\u1ea3n th\u00ec g\u1ea7n nh\u01b0 t\u01b0\u01a1ng \u0111\u01b0\u01a1ng v\u1edbi nh\u1eefng kho\u1ea3n chi m\u00e0 ch\u00fang t\u00f4i li\u1ec7t k\u00ea d\u01b0\u1edbi \u0111\u00e2y. Ho\u1eb7c c\u00f3 nh\u1eefng em c\u00f2n b\u1ecb l\u1eeba nh\u01b0, ban \u0111\u1ea7u s\u1ebd cho c\u00e1c em bi\u1ebft s\u1ed1 ti\u1ec1n h\u1ecdc ph\u00ed, nh\u01b0ng c\u00e1c ph\u1ee5 ph\u00ed th\u00ec c\u00e1c em kh\u00f4ng \u0111\u01b0\u1ee3c bi\u1ebft ban \u0111\u1ea7u, v\u00e0 khi c\u00f3 COE t\u01b0 c\u00e1ch l\u01b0u tr\u00fa r\u1ed3i, th\u00ec c\u00e1c em m\u1edbi bi\u1ebft, s\u1ed1 ti\u1ec1n th\u1eadt s\u1ef1 c\u00e1c em c\u1ea7n \u0111\u00f3ng l\u00e0 bao nhi\u00eau. Nhi\u1ec1u h\u1ecdc sinh \u0111\u00e3 t\u00e2m s\u1ef1 v\u1edbi nh\u00e0 tr\u01b0\u1eddng v\u1ec1 vi\u1ec7c b\u1ecb l\u1eeba nh\u01b0 v\u1eady, v\u00ec s\u1ed1 ti\u1ec1n qu\u00e1 l\u1edbn n\u00ean m\u1ed9t s\u1ed1 em \u0111\u00e3 t\u1eeb b\u1ecf vi\u1ec7c du h\u1ecdc, k\u1ec3 c\u1ea3 khi c\u00f3 t\u01b0 c\u00e1ch l\u01b0u tr\u00fa, ch\u1ec9 v\u00ec s\u1ed1 ti\u1ec1n \u0111\u01b0\u1ee3c bi\u1ebft ban \u0111\u1ea7u, v\u00e0 s\u1ed1 ti\u1ec1n c\u1ea7n ph\u1ea3i \u0111\u00f3ng sau khi c\u00f3 t\u01b0 c\u00e1ch l\u01b0u tr\u00fa qu\u00e1 l\u1edbn.<\/p>\n\n\n\n<p> V\u1edbi tr\u01b0\u1eddng ch\u00fang t\u00f4i, ch\u00fang t\u00f4i lu\u00f4n cam k\u1ebft \u0111\u1ec3 cho h\u1ecdc sinh bi\u1ebft ngay t\u1eeb ban \u0111\u1ea7u s\u1ed1 ti\u1ec1n c\u00e1c em c\u1ea7n ph\u1ea3i chu\u1ea9n b\u1ecb t\u1eeb A~Z chi ph\u00ed du h\u1ecdc l\u00e0 bao nhi\u00eau. \u0110\u1ec3 c\u00e1c em c\u00f3 k\u1ebf ho\u1ea1ch chu\u1ea9n b\u1ecb chi ph\u00ed, v\u00e0 y\u00ean t\u00e2m h\u1ecdc t\u1eadp. \u0110\u1eb7c bi\u1ec7t nh\u00e0 tr\u01b0\u1eddng ch\u00fang t\u00f4i kh\u00f4ng ch\u1ea5p nh\u1eadn c\u00e1c em \u0111i vay ti\u1ec1n \u0111\u1ec3 \u0111i du h\u1ecdc, nh\u01b0 v\u1eady c\u00e1c em sang \u0111\u00e2y s\u1ebd d\u1ec5 b\u1ecf b\u00ea vi\u1ec7c h\u1ecdc, r\u1ed3i ch\u0103m l\u00e0m ki\u1ebfm ti\u1ec1n tr\u1ea3 n\u1ee3. \u0110i\u1ec1u n\u00e0y tuy\u1ec7t \u0111\u1ed1i kh\u00f4ng n\u00ean.<\/p>\n\n\n\n<table style=\"width: 102.039%; height: 1215px;\" width=\"1127\">\n<tbody>\n<tr style=\"height: 59px;\">\n<td style=\"width: 99.9999%; text-align: center; height: 59px;\" colspan=\"6\" width=\"1127\"><span style=\"font-size: 18pt;\"><strong>TH\u00d4NG TIN V\u1ec0 H\u1eccC PH\u00cd C\u1ee6A 1 N\u0102M H\u1eccC<\/strong><\/span><\/td>\n<\/tr>\n<tr style=\"height: 49px;\">\n<td style=\"width: 99.9999%; text-align: center; height: 49px;\" colspan=\"6\"><span style=\"font-size: 12pt;\">Tr\u01b0\u1edbc khi nh\u1eadp h\u1ecdc, xin qu\u00fd v\u1ecb h\u00e3y chuy\u1ec3n kho\u1ea3n t\u1ed5ng s\u1ed1 ti\u1ec1n ghi \u1edf ph\u00eda d\u01b0\u1edbi :<\/span><\/td>\n<\/tr>\n<tr style=\"height: 49px;\">\n<td style=\"width: 10.5263%; text-align: center; height: 20px;\" rowspan=\"2\"><span style=\"font-size: 12pt;\"><strong>STT<\/strong><\/span><\/td>\n<td style=\"width: 52.9987%; text-align: center; height: 20px;\" colspan=\"3\" rowspan=\"2\"><strong><span style=\"font-size: 12pt;\">C\u00c1C KHO\u1ea2N PH\u00cd<\/span><\/strong><\/td>\n<td style=\"width: 36.4749%; text-align: center; height: 10px;\" colspan=\"2\"><span style=\"font-size: 12pt;\"><strong>S\u1ed0 TI\u1ec0N<\/strong><\/span><\/td>\n<\/tr>\n<tr style=\"height: 74px;\">\n<td style=\"width: 16.7687%; height: 10px;\">\n<p><span style=\"font-size: 12pt;\">Ti\u1ec1nNh\u1eadt<\/span><span style=\"font-size: 12pt;\">(Y\u00ean)<\/span><\/p>\n<\/td>\n<td style=\"width: 19.7062%; height: 10px;\"><span style=\"font-size: 12pt;\">Ti\u1ec1nVi\u1ec7t(VND)<\/span><\/td>\n<\/tr>\n<tr style=\"height: 49px;\">\n<td style=\"width: 10.5263%; text-align: center; height: 49px;\"><span style=\"font-size: 12pt;\"><strong>1<\/strong><\/span><\/td>\n<td style=\"width: 52.9987%; height: 49px;\" colspan=\"3\"><span style=\"font-size: 12pt;\">L\u1ec7 ph\u00ed nh\u1eadp h\u1ecdc&nbsp; (Ch\u1ec9 \u0111\u00f3ng 1 l\u1ea7n)<\/span><\/td>\n<td style=\"width: 16.7687%; text-align: right; height: 49px;\"><span style=\"font-size: 12pt;\">65,000<\/span><\/td>\n<td style=\"width: 19.7062%; text-align: right; height: 49px;\"><span style=\"font-size: 12pt;\">14,235,000<\/span><\/td>\n<\/tr>\n<tr style=\"height: 49px;\">\n<td style=\"width: 10.5263%; text-align: center; height: 49px;\"><span style=\"font-size: 12pt;\"><strong>2<\/strong><\/span><\/td>\n<td style=\"width: 52.9987%; height: 49px;\" colspan=\"3\"><span style=\"font-size: 12pt;\">H\u1ecdc ph\u00ed (12 th\u00e1ng)<\/span><\/td>\n<td style=\"width: 16.7687%; text-align: right; height: 49px;\"><span style=\"font-size: 12pt;\">620,000<\/span><\/td>\n<td style=\"width: 19.7062%; text-align: right; height: 49px;\"><span style=\"font-size: 12pt;\">135,780,000<\/span><\/td>\n<\/tr>\n<tr style=\"height: 49px;\">\n<td style=\"width: 10.5263%; text-align: center; height: 49px;\"><span style=\"font-size: 12pt;\"><strong>3<\/strong><\/span><\/td>\n<td style=\"width: 52.9987%; height: 49px;\" colspan=\"3\"><span style=\"font-size: 12pt;\">Ti\u1ec1n s\u00e1ch gi\u00e1o khoa (12 th\u00e1ng)<\/span><\/td>\n<td style=\"width: 16.7687%; text-align: right; height: 49px;\"><span style=\"font-size: 12pt;\">30,000<\/span><\/td>\n<td style=\"width: 19.7062%; text-align: right; height: 49px;\"><span style=\"font-size: 12pt;\">5,475,000<\/span><\/td>\n<\/tr>\n<tr style=\"height: 49px;\">\n<td style=\"width: 10.5263%; text-align: center; height: 49px;\"><span style=\"font-size: 12pt;\"><strong>4<\/strong><\/span><\/td>\n<td style=\"width: 52.9987%; height: 49px;\" colspan=\"3\"><span style=\"font-size: 12pt;\">Ph\u00ed tham d\u1ef1 k\u1ef3 thi Du h\u1ecdc Nh\u1eadt B\u1ea3n (2 l\u1ea7n)<\/span><\/td>\n<td style=\"width: 16.7687%; text-align: right; height: 49px;\"><span style=\"font-size: 12pt;\">36,000<\/span><\/td>\n<td style=\"width: 19.7062%; text-align: right; height: 49px;\"><span style=\"font-size: 12pt;\">7,884,000<\/span><\/td>\n<\/tr>\n<tr style=\"height: 49px;\">\n<td style=\"width: 10.5263%; text-align: center; height: 49px;\"><span style=\"font-size: 12pt;\"><strong>5<\/strong><\/span><\/td>\n<td style=\"width: 52.9987%; height: 49px;\" colspan=\"3\"><span style=\"font-size: 12pt;\">Ph\u00ed b\u1ea3o hi\u1ec3m s\u1ee9c kh\u1ecfe qu\u1ed1c d\u00e2n (2 n\u0103m)&nbsp; &nbsp; &nbsp; &nbsp;(\u203b1)<\/span><\/td>\n<td style=\"width: 16.7687%; text-align: right; height: 49px;\"><span style=\"font-size: 12pt;\">44,000<\/span><\/td>\n<td style=\"width: 19.7062%; text-align: right; height: 49px;\"><span style=\"font-size: 12pt;\">9,636,000<\/span><\/td>\n<\/tr>\n<tr style=\"height: 49px;\">\n<td style=\"width: 10.5263%; text-align: center; height: 49px;\"><span style=\"font-size: 12pt;\"><strong>6<\/strong><\/span><\/td>\n<td style=\"width: 52.9987%; height: 49px;\" colspan=\"3\"><span style=\"font-size: 12pt;\">Ph\u00ed trang thi\u1ebft b\u1ecb (12 th\u00e1ng )<\/span><\/td>\n<td style=\"width: 16.7687%; text-align: right; height: 49px;\"><span style=\"font-size: 12pt;\">18,000<\/span><\/td>\n<td style=\"width: 19.7062%; text-align: right; height: 49px;\"><span style=\"font-size: 12pt;\">3,942,000<\/span><\/td>\n<\/tr>\n<tr style=\"height: 49px;\">\n<td style=\"width: 10.5263%; text-align: center; height: 49px;\"><span style=\"font-size: 12pt;\"><strong>7<\/strong><\/span><\/td>\n<td style=\"width: 52.9987%; height: 49px;\" colspan=\"3\"><span style=\"font-size: 12pt;\">B\u1ea3o hi\u1ec3m xe \u0111\u1ea1p&nbsp; (2 n\u0103m)&nbsp; &nbsp; &nbsp; &nbsp; &nbsp; &nbsp; &nbsp; &nbsp; &nbsp; &nbsp; &nbsp; &nbsp; (\u203b1)<\/span><\/td>\n<td style=\"width: 16.7687%; text-align: right; height: 49px;\"><span style=\"font-size: 12pt;\">25,500<\/span><\/td>\n<td style=\"width: 19.7062%; text-align: right; height: 49px;\"><span style=\"font-size: 12pt;\">5,584,500<\/span><\/td>\n<\/tr>\n<tr style=\"height: 49px;\">\n<td style=\"width: 63.525%; text-align: center; height: 49px;\" colspan=\"4\"><span style=\"font-size: 12pt;\"><strong>T\u1ed4NG C\u1ed8NG<\/strong><\/span><\/td>\n<td style=\"width: 16.7687%; text-align: right; height: 49px;\"><span style=\"font-size: 12pt;\">838,500<\/span><\/td>\n<td style=\"width: 19.7062%; text-align: right; height: 49px;\"><span style=\"font-size: 12pt;\">183,631,500<\/span><\/td>\n<\/tr>\n<tr style=\"height: 49px;\">\n<td style=\"width: 99.9999%; height: 49px;\" colspan=\"6\"><span style=\"font-size: 12pt;\">\u203b1.&nbsp; Sau khi t\u1ed1t nghi\u1ec7p kh\u00f3a h\u1ecdc, nh\u00e0 tr\u01b0\u1eddng s\u1ebd ho\u00e0n tr\u1ea3 l\u1ea1i s\u1ed1 ti\u1ec1n c\u00f2n d\u01b0 n\u1ebfu c\u00f3.<\/span><\/td>\n<\/tr>\n<tr style=\"height: 70px;\">\n<td style=\"width: 80.2937%; height: 70px;\" colspan=\"5\"><span style=\"font-size: 12pt;\">*&nbsp; Ngo\u00e0i ra, xin qu\u00ed v\u1ecb vui l\u00f2ng \u0111\u00f3ng to\u00e0n b\u1ed9 h\u1ecdc ph\u00ed m\u1ed9t l\u1ea7n m\u1ed7i n\u0103m b\u1eb1ng ti\u1ec1n y\u00ean.<\/span><\/td>\n<td style=\"width: 19.7062%; height: 70px;\">&nbsp;<\/td>\n<\/tr>\n<tr style=\"height: 49px;\">\n<td style=\"width: 80.2937%; height: 49px;\" colspan=\"5\"><span style=\"font-size: 12pt;\">*&nbsp; Xin h\u00e3y \u0111\u00f3ng m\u1ed9t l\u1ea7n to\u00e0n b\u1ed9 s\u1ed1 ti\u1ec1n h\u1ecdc ph\u00ed tr\u00ean tr\u01b0\u1edbc th\u1eddi h\u1ea1n quy \u0111\u1ecbnh.<\/span><\/td>\n<td style=\"width: 19.7062%; height: 49px;\">&nbsp;<\/td>\n<\/tr>\n<tr style=\"height: 49px;\">\n<td style=\"width: 99.9999%; height: 49px;\" colspan=\"6\" width=\"1127\"><span style=\"font-size: 12pt;\">*&nbsp; 1 Y\u00ean = 219 VND ( \u0110\u01b0\u1ee3c t\u00ednh v\u00e0o th\u1eddi \u0111i\u1ec3m ng\u00e0y th\u00e1ng 5 n\u0103m 2020).<\/span><\/td>\n<\/tr>\n<tr style=\"height: 70px;\">\n<td style=\"width: 99.9999%; height: 70px;\" colspan=\"6\"><span style=\"font-size: 12pt;\">&nbsp;(Do t\u1ef7 gi\u00e1 Y\u00ean c\u00f3 th\u1ec3 thay \u0111\u1ed5i n\u00ean chi ph\u00ed b\u1eb1ng ti\u1ec1n Vi\u1ec7t tr\u00ean c\u0169ng s\u1ebd thay \u0111\u1ed5i theo th\u1ecb tr\u01b0\u1eddng ngo\u1ea1i t\u1ec7)<\/span><\/td>\n<\/tr>\n<tr style=\"height: 52px;\">\n<td style=\"width: 99.9999%; text-align: center; height: 52px;\" colspan=\"6\"><span style=\"font-size: 14pt;\"><strong>&lt;C\u00e1c kho\u1ea3n ti\u1ec1n kh\u00e1c&gt;<\/strong><\/span><\/td>\n<\/tr>\n<tr style=\"height: 49px;\">\n<td style=\"width: 99.9999%; height: 49px;\" colspan=\"6\"><span style=\"font-size: 12pt;\">L\u1ec7 ph\u00ed l\u00e0m h\u1ed3 s\u01a1 c\u0169ng nh\u01b0 x\u00e9t tuy\u1ec3n \u0111\u1ed1i v\u1edbi h\u1ecdc sinh l\u00e0m h\u1ed3 s\u01a1 nh\u01b0 sau :<\/span><\/td>\n<\/tr>\n<tr style=\"height: 49px;\">\n<td style=\"width: 80.2937%; height: 49px;\" colspan=\"5\"><strong><span style=\"font-size: 12pt;\">1. \u0110\u1ed1i v\u1edbi h\u1ecdc sinh * \u0110\u0103ng k\u00fd h\u1ed3 s\u01a1 l\u1ea7n \u0111\u1ea7u<\/span><\/strong><\/td>\n<td style=\"width: 19.7062%; text-align: right; height: 49px;\"><span style=\"font-size: 12pt;\">10,000,000<\/span><\/td>\n<\/tr>\n<tr style=\"height: 49px;\">\n<td style=\"width: 80.2937%; height: 49px;\" colspan=\"5\"><span style=\"font-size: 12pt;\">Sau khi c\u00f3 k\u1ebft qu\u1ea3 t\u01b0 c\u00e1ch l\u01b0u tr\u00fa( COE ) \u0111\u00f3ng th\u00eam 0 Y\u00caN<\/span><\/td>\n<td style=\"width: 19.7062%; text-align: right; height: 49px;\"><span style=\"font-size: 12pt;\">0<\/span><\/td>\n<\/tr>\n<tr style=\"height: 52px;\">\n<td style=\"width: 80.2937%; text-align: center; height: 52px;\" colspan=\"5\"><span style=\"font-size: 14pt;\"><strong>T\u1ed5ng c\u1ed9ng\u3000(VND)<\/strong><\/span><\/td>\n<td style=\"width: 19.7062%; text-align: right; height: 52px;\"><span style=\"font-size: 12pt;\">10,000,000<\/span><\/td>\n<\/tr>\n<tr style=\"height: 31px;\">\n<td style=\"width: 80.2937%; height: 31px;\" colspan=\"5\">\n<p><strong><span style=\"font-size: 12pt;\">2. \u0110\u1ed1i v\u1edbi h\u1ecdc sinh * \u0111\u00e3 t\u1eebng \u0111i th\u1ef1c t\u1eadp k\u1ef9 n\u0103ng(60,000 Yen)<\/span><\/strong><\/p>\n<\/td>\n<td style=\"width: 19.7062%; text-align: right; height: 31px;\"><span style=\"font-size: 12pt;\">12,000,000<\/span><\/td>\n<\/tr>\n<tr style=\"height: 49px;\">\n<td style=\"width: 80.2937%; height: 49px;\" colspan=\"5\"><span style=\"font-size: 12pt;\">Sau khi c\u00f3 k\u1ebft qu\u1ea3 c\u00e1ch l\u01b0u tr\u00fa ( COE ) \u0111\u00f3ng th\u00eam 50.000 Y\u00caN<\/span><\/td>\n<td style=\"width: 19.7062%; text-align: right; height: 49px;\"><span style=\"font-size: 12pt;\">10,950,000<\/span><\/td>\n<\/tr>\n<tr style=\"height: 49px;\">\n<td style=\"width: 80.2937%; height: 49px; text-align: center;\" colspan=\"5\"><span style=\"font-size: 14pt;\"><strong>T\u1ed5ng c\u1ed9ng (VND)<\/strong><\/span><\/td>\n<td style=\"width: 19.7062%; text-align: right; height: 49px;\"><span style=\"font-size: 12pt;\">22,950,000<\/span><\/td>\n<\/tr>\n<tr style=\"height: 18px;\">\n<td style=\"width: 80.2937%; height: 18px;\" colspan=\"5\"><strong><span style=\"font-size: 12pt;\">3. \u0110\u1ed1i v\u1edbi h\u1ecdc sinh * B\u1eca R\u1edbt COE, 1,2L\u1ea7n ho\u1eb7c Th\u1ef1c t\u1eadp sinh b\u1ecb r\u1edbt<\/span><\/strong><\/td>\n<td style=\"width: 19.7062%; text-align: right; height: 18px;\"><span style=\"font-size: 12pt;\">20,000,000<\/span><\/td>\n<\/tr>\n<tr style=\"height: 10px;\">\n<td style=\"width: 10.5263%; height: 10px;\" colspan=\"5\">\n<p><span style=\"font-size: 12pt;\">Sau khi c\u00f3 k\u1ebft qu\u1ea3 c\u00e1ch l\u01b0u tr\u00fa ( COE ) \u0111\u00f3ng th\u00eam <\/span><\/p>\n<p><span style=\"font-size: 12pt;\">70.000 \uff5e110.000 Y\u00caN<\/span><\/p>\n<\/td>\n<td style=\"width: 19.7062%; text-align: right; height: 10px;\">\n<p><span style=\"font-size: 12pt;\">15,330,000 <\/span><\/p>\n<p><span style=\"font-size: 12pt;\">~ 24,090,000<\/span><\/p>\n<\/td>\n<\/tr>\n<\/tbody>\n<\/table>\n\n\n\n<p style=\"text-align: center;\"><span style=\"font-size: 18pt;\"><strong><a href=\"https:\/\/duhoc.mirainomorigakuen.com\/wp-content\/uploads\/2020\/05\/5cd54f2c7cfa437df027721b59e6b3d2-1.pdf\">\u0110\u00e2y l\u00e0 v\u00ed d\u1ee5-\u01af\u1edbc t\u00ednh t\u1ed5ng chi ph\u00ed ban \u0111\u1ea7u du h\u1ecdc k\u1ef3 th\u00e1ng 4\/2022<\/a><\/strong><\/span><\/p>\n\n\n\n<figure class=\"wp-block-gallery columns-2 is-cropped wp-block-gallery-1 is-layout-flex wp-block-gallery-is-layout-flex\"><ul class=\"blocks-gallery-grid\"><li class=\"blocks-gallery-item\"><figure><a href=\"https:\/\/duhoc.mirainomorigakuen.com\/wp-content\/uploads\/2021\/10\/8f2d714f541d0dc4013ca91dac2ca65f-1.jpg\"><img loading=\"lazy\" decoding=\"async\" width=\"1024\" height=\"724\" src=\"https:\/\/duhoc.mirainomorigakuen.com\/wp-content\/uploads\/2021\/10\/8f2d714f541d0dc4013ca91dac2ca65f-1-1024x724.jpg\" alt=\"\" data-id=\"2675\" data-full-url=\"https:\/\/duhoc.mirainomorigakuen.com\/wp-content\/uploads\/2021\/10\/8f2d714f541d0dc4013ca91dac2ca65f-1.jpg\" data-link=\"https:\/\/duhoc.mirainomorigakuen.com\/?attachment_id=2675\" class=\"wp-image-2675\" srcset=\"https:\/\/duhoc.mirainomorigakuen.com\/wp-content\/uploads\/2021\/10\/8f2d714f541d0dc4013ca91dac2ca65f-1-1024x724.jpg 1024w, https:\/\/duhoc.mirainomorigakuen.com\/wp-content\/uploads\/2021\/10\/8f2d714f541d0dc4013ca91dac2ca65f-1-300x212.jpg 300w, https:\/\/duhoc.mirainomorigakuen.com\/wp-content\/uploads\/2021\/10\/8f2d714f541d0dc4013ca91dac2ca65f-1-768x543.jpg 768w, https:\/\/duhoc.mirainomorigakuen.com\/wp-content\/uploads\/2021\/10\/8f2d714f541d0dc4013ca91dac2ca65f-1-1536x1086.jpg 1536w, https:\/\/duhoc.mirainomorigakuen.com\/wp-content\/uploads\/2021\/10\/8f2d714f541d0dc4013ca91dac2ca65f-1-2048x1448.jpg 2048w\" sizes=\"auto, (max-width: 1024px) 100vw, 1024px\" \/><\/a><\/figure><\/li><li class=\"blocks-gallery-item\"><figure><a href=\"https:\/\/duhoc.mirainomorigakuen.com\/wp-content\/uploads\/2021\/10\/c27793e7d96f0b2f00557c60a37b2f31.jpg\"><img loading=\"lazy\" decoding=\"async\" width=\"724\" height=\"1024\" src=\"https:\/\/duhoc.mirainomorigakuen.com\/wp-content\/uploads\/2021\/10\/c27793e7d96f0b2f00557c60a37b2f31-724x1024.jpg\" alt=\"\" data-id=\"2672\" data-full-url=\"https:\/\/duhoc.mirainomorigakuen.com\/wp-content\/uploads\/2021\/10\/c27793e7d96f0b2f00557c60a37b2f31.jpg\" data-link=\"https:\/\/duhoc.mirainomorigakuen.com\/?attachment_id=2672\" class=\"wp-image-2672\" srcset=\"https:\/\/duhoc.mirainomorigakuen.com\/wp-content\/uploads\/2021\/10\/c27793e7d96f0b2f00557c60a37b2f31-724x1024.jpg 724w, https:\/\/duhoc.mirainomorigakuen.com\/wp-content\/uploads\/2021\/10\/c27793e7d96f0b2f00557c60a37b2f31-212x300.jpg 212w, https:\/\/duhoc.mirainomorigakuen.com\/wp-content\/uploads\/2021\/10\/c27793e7d96f0b2f00557c60a37b2f31-768x1086.jpg 768w, https:\/\/duhoc.mirainomorigakuen.com\/wp-content\/uploads\/2021\/10\/c27793e7d96f0b2f00557c60a37b2f31-1086x1536.jpg 1086w, https:\/\/duhoc.mirainomorigakuen.com\/wp-content\/uploads\/2021\/10\/c27793e7d96f0b2f00557c60a37b2f31.jpg 1240w\" sizes=\"auto, (max-width: 724px) 100vw, 724px\" \/><\/a><\/figure><\/li><\/ul><\/figure>\n","protected":false},"excerpt":{"rendered":"<p>B\u1ea1n c\u00f3 th\u1ec3 tham kh\u1ea3o v\u1ec1 h\u1ecdc ph\u00ed chi ti\u1ebft c\u1ee7a ch\u00fang t\u00f4i t\u1eeb A~Z t\u1ea1i \u0111\u00e2y c\u1ee7a ch\u00fang t\u00f4i. Tho\u1ea1t nh\u00ecn c\u00f3 l\u1ebd c\u00e1c b\u1ea1n s\u1ebd c\u1ea3m th\u1ea5y t\u1ed5ng s\u1ed1 ti\u1ec1n h\u1ecdc ph\u00ed s\u1ebd r\u1ea5t l\u1edbn so v\u1edbi nh\u1eefng tr\u01b0\u1eddng kh\u00e1c, nh\u01b0ng \u0111\u00f3 \u0111\u1ec1u l\u00e0 nh\u1eefng kho\u1ea3n m\u00e0 c\u00e1c b\u1ea1n \u0111\u00e1ng ph\u1ea3i chi trong qu\u00e1 tr\u00ecnh du h\u1ecdc, ch\u1ec9 c\u00f3 \u0111i\u1ec1u l\u00e0 nh\u00e0 tr\u01b0\u1eddng \u0111\u00f3ng thay cho c\u00e1c b\u1ea1n, hay c\u00e1c b\u1ea1n t\u1ef1 \u0111\u00f3ng m\u00e0 th\u00f4i, \u0111\u1eb7c bi\u1ec7t v\u00ed d\u1ee5 nh\u01b0 s\u1ed1 ti\u1ec1n b\u1ea3o hi\u1ec3m s\u1ee9c kh\u1ecfe qu\u1ed1c d\u00e2n, \u0111\u00f3 l\u00e0 ti\u1ec1n b\u1ea3o hi\u1ec3m m\u00e0 h\u1ea7u nh\u01b0 to\u00e0n b\u1ed9 ng\u01b0\u1eddi d\u00e2n s\u1ed1ng t\u1ea1i Nh\u1eadt B\u1ea3n \u0111\u1ec1u ph\u1ea3i \u0111\u00f3ng. Nh\u01b0ng [&hellip;]<\/p>\n","protected":false},"author":9,"featured_media":0,"parent":0,"menu_order":0,"comment_status":"closed","ping_status":"closed","template":"","meta":{"sns_share_botton_hide":"","vkExUnit_sns_title":"","_vk_print_noindex":"","sitemap_hide":"","vkExUnit_sitemap":"","_veu_custom_css":"","veu_display_promotion_alert":"","_exclude_from_list_pages":"","vkexunit_cta_each_option":"","vkExUnit_childPageIndex":"","vkExUnit_pageList_ancestor":"","vkExUnit_contact_enable":"","footnotes":"","vk-ltc-link":"","vk-ltc-target":""},"class_list":["post-1806","page","type-page","status-publish","hentry"],"veu_head_title_object":{"title":"","add_site_title":""},"_links":{"self":[{"href":"https:\/\/duhoc.mirainomorigakuen.com\/index.php?rest_route=\/wp\/v2\/pages\/1806","targetHints":{"allow":["GET"]}}],"collection":[{"href":"https:\/\/duhoc.mirainomorigakuen.com\/index.php?rest_route=\/wp\/v2\/pages"}],"about":[{"href":"https:\/\/duhoc.mirainomorigakuen.com\/index.php?rest_route=\/wp\/v2\/types\/page"}],"author":[{"embeddable":true,"href":"https:\/\/duhoc.mirainomorigakuen.com\/index.php?rest_route=\/wp\/v2\/users\/9"}],"replies":[{"embeddable":true,"href":"https:\/\/duhoc.mirainomorigakuen.com\/index.php?rest_route=%2Fwp%2Fv2%2Fcomments&post=1806"}],"version-history":[{"count":7,"href":"https:\/\/duhoc.mirainomorigakuen.com\/index.php?rest_route=\/wp\/v2\/pages\/1806\/revisions"}],"predecessor-version":[{"id":2677,"href":"https:\/\/duhoc.mirainomorigakuen.com\/index.php?rest_route=\/wp\/v2\/pages\/1806\/revisions\/2677"}],"wp:attachment":[{"href":"https:\/\/duhoc.mirainomorigakuen.com\/index.php?rest_route=%2Fwp%2Fv2%2Fmedia&parent=1806"}],"curies":[{"name":"wp","href":"https:\/\/api.w.org\/{rel}","templated":true}]}}