{"id":1838,"date":"2020-06-22T20:53:53","date_gmt":"2020-06-22T11:53:53","guid":{"rendered":"https:\/\/duhoc.mirainomorigakuen.com\/?page_id=1838"},"modified":"2026-04-09T22:34:48","modified_gmt":"2026-04-09T13:34:48","slug":"dang-ky-tham-du-hoi-thao-du-hoc-qua-mang-internet","status":"publish","type":"page","link":"https:\/\/duhoc.mirainomorigakuen.com\/?page_id=1838","title":{"rendered":"\u0110\u0102NG K\u00dd"},"content":{"rendered":"\n<p>H\u00e3y \u0111i\u1ec1n th\u00f4ng tin d\u01b0\u1edbi \u0111\u00e2y.<\/p>\n\n\n\n\n<div class=\"wpcf7 no-js\" id=\"wpcf7-f1837-o1\" lang=\"vi\" dir=\"ltr\" data-wpcf7-id=\"1837\">\n<div class=\"screen-reader-response\"><p role=\"status\" aria-live=\"polite\" aria-atomic=\"true\"><\/p> <ul><\/ul><\/div>\n<form action=\"\/index.php?rest_route=%2Fwp%2Fv2%2Fpages%2F1838#wpcf7-f1837-o1\" method=\"post\" class=\"wpcf7-form init\" aria-label=\"Form li\u00ean h\u1ec7\" novalidate=\"novalidate\" data-status=\"init\">\n<fieldset class=\"hidden-fields-container\"><input type=\"hidden\" name=\"_wpcf7\" value=\"1837\" \/><input type=\"hidden\" name=\"_wpcf7_version\" value=\"6.1.5\" \/><input type=\"hidden\" name=\"_wpcf7_locale\" value=\"vi\" \/><input type=\"hidden\" name=\"_wpcf7_unit_tag\" value=\"wpcf7-f1837-o1\" \/><input type=\"hidden\" name=\"_wpcf7_container_post\" value=\"0\" \/><input type=\"hidden\" name=\"_wpcf7_posted_data_hash\" value=\"\" \/><input type=\"hidden\" name=\"_wpcf7_recaptcha_response\" value=\"\" \/>\n<\/fieldset>\n<div class=\"registration-form-container\" style=\"max-width: 700px; margin: auto; padding: 20px; border: 1px solid #e0e0e0; border-radius: 12px; background: #fff; box-shadow: 0 4px 15px rgba(0,0,0,0.05);\">\n\t<h3 style=\"text-align: center; color: #0b4619; margin-bottom: 25px;\">\ud83c\udf93 \u0110\u0102NG K\u00dd T\u01af V\u1ea4N DU H\u1eccC TR\u1ef0C TI\u1ebeP\n\t<\/h3>\n\t<div style=\"margin-bottom: 15px;\">\n\t\t<p><label style=\"font-weight: bold; display: block; margin-bottom: 5px;\">1. H\u1ecd v\u00e0 t\u00ean c\u1ee7a em l\u00e0 g\u00ec?<\/label><br \/>\n<span class=\"wpcf7-form-control-wrap\" data-name=\"your-name\"><input size=\"40\" maxlength=\"400\" class=\"wpcf7-form-control wpcf7-text wpcf7-validates-as-required form-control\" aria-required=\"true\" aria-invalid=\"false\" placeholder=\"V\u00ed d\u1ee5: Nguy\u1ec5n V\u0103n A\" value=\"\" type=\"text\" name=\"your-name\" \/><\/span>\n\t\t<\/p>\n\t<\/div>\n\t<div style=\"margin-bottom: 15px;\">\n\t\t<p><label style=\"font-weight: bold; display: block; margin-bottom: 5px;\">2. S\u1ed1 \u0111i\u1ec7n tho\u1ea1i (Zalo) \u0111\u1ec3 nh\u00e0 tr\u01b0\u1eddng li\u00ean h\u1ec7:<\/label><br \/>\n<span class=\"wpcf7-form-control-wrap\" data-name=\"tel-278\"><input size=\"40\" maxlength=\"400\" class=\"wpcf7-form-control wpcf7-tel wpcf7-validates-as-required wpcf7-text wpcf7-validates-as-tel form-control\" aria-required=\"true\" aria-invalid=\"false\" placeholder=\"Nh\u1eadp s\u1ed1 \u0111i\u1ec7n tho\u1ea1i c\u1ee7a em\" value=\"\" type=\"tel\" name=\"tel-278\" \/><\/span>\n\t\t<\/p>\n\t<\/div>\n\t<div style=\"margin-bottom: 15px;\">\n\t\t<p><label style=\"font-weight: bold; display: block; margin-bottom: 5px;\">3. \u0110\u1ecba ch\u1ec9 Email:<\/label><br \/>\n<span class=\"wpcf7-form-control-wrap\" data-name=\"Email\"><input size=\"40\" maxlength=\"400\" class=\"wpcf7-form-control wpcf7-email wpcf7-validates-as-required wpcf7-text wpcf7-validates-as-email form-control\" aria-required=\"true\" aria-invalid=\"false\" placeholder=\"C\u1ea7n ch\u00ednh x\u00e1c \u0111\u1ec3 nh\u1eadn t\u00e0i li\u1ec7u t\u1eeb tr\u01b0\u1eddng\" value=\"\" type=\"email\" name=\"Email\" \/><\/span>\n\t\t<\/p>\n\t<\/div>\n\t<div style=\"margin-bottom: 15px;\">\n\t\t<p><label style=\"font-weight: bold; display: block; margin-bottom: 5px;\">4. \u0110\u1ed9 tu\u1ed5i hi\u1ec7n t\u1ea1i c\u1ee7a em:<\/label><br \/>\n<span class=\"wpcf7-form-control-wrap\" data-name=\"checkbox-600\"><span class=\"wpcf7-form-control wpcf7-radio\"><span class=\"wpcf7-list-item first\"><input type=\"radio\" name=\"checkbox-600\" value=\"18~20 tu\u1ed5i\" checked=\"checked\" \/><span class=\"wpcf7-list-item-label\">18~20 tu\u1ed5i<\/span><\/span><span class=\"wpcf7-list-item\"><input type=\"radio\" name=\"checkbox-600\" value=\"21~25 tu\u1ed5i\" \/><span class=\"wpcf7-list-item-label\">21~25 tu\u1ed5i<\/span><\/span><span class=\"wpcf7-list-item\"><input type=\"radio\" name=\"checkbox-600\" value=\"26~30 tu\u1ed5i\" \/><span class=\"wpcf7-list-item-label\">26~30 tu\u1ed5i<\/span><\/span><span class=\"wpcf7-list-item\"><input type=\"radio\" name=\"checkbox-600\" value=\"31~35 tu\u1ed5i\" \/><span class=\"wpcf7-list-item-label\">31~35 tu\u1ed5i<\/span><\/span><span class=\"wpcf7-list-item\"><input type=\"radio\" name=\"checkbox-600\" value=\"36~40 tu\u1ed5i\" \/><span class=\"wpcf7-list-item-label\">36~40 tu\u1ed5i<\/span><\/span><span class=\"wpcf7-list-item last\"><input type=\"radio\" name=\"checkbox-600\" value=\"H\u01a1n 40 tu\u1ed5i\" \/><span class=\"wpcf7-list-item-label\">H\u01a1n 40 tu\u1ed5i<\/span><\/span><\/span><\/span>\n\t\t<\/p>\n\t<\/div>\n\t<div style=\"margin-bottom: 15px;\">\n\t\t<p><label style=\"font-weight: bold; display: block; margin-bottom: 5px;\">5. Gi\u1edbi t\u00ednh:<\/label><br \/>\n<span class=\"wpcf7-form-control-wrap\" data-name=\"gender-597\"><span class=\"wpcf7-form-control wpcf7-radio\"><span class=\"wpcf7-list-item first\"><input type=\"radio\" name=\"gender-597\" value=\"NAM\" checked=\"checked\" \/><span class=\"wpcf7-list-item-label\">NAM<\/span><\/span><span class=\"wpcf7-list-item last\"><input type=\"radio\" name=\"gender-597\" value=\"N\u1eee\" \/><span class=\"wpcf7-list-item-label\">N\u1eee<\/span><\/span><\/span><\/span>\n\t\t<\/p>\n\t<\/div>\n\t<div style=\"margin-bottom: 20px;\">\n\t\t<p><label style=\"font-weight: bold; display: block; margin-bottom: 5px;\">6. Em hi\u1ec7n \u0111ang sinh s\u1ed1ng t\u1ea1i t\u1ec9nh\/th\u00e0nh n\u00e0o?<\/label><br \/>\n<span class=\"wpcf7-form-control-wrap\" data-name=\"text-271\"><input size=\"40\" maxlength=\"400\" class=\"wpcf7-form-control wpcf7-text form-control\" aria-invalid=\"false\" placeholder=\"V\u00ed d\u1ee5: H\u00e0 N\u1ed9i, H\u1ed3 Ch\u00ed Minh, Ngh\u1ec7 An...\" value=\"\" type=\"text\" name=\"text-271\" \/><\/span>\n\t\t<\/p>\n\t<\/div>\n\t<div style=\"background: #f4fdf4; border: 1px dashed #0b4619; padding: 15px; border-radius: 8px; font-size: 14px; color: #444; margin-bottom: 20px;\">\n\t\t<p style=\"margin-bottom: 8px;\">\ud83d\udee1\ufe0f <strong>Cam k\u1ebft b\u1ea3o m\u1eadt:<\/strong> Th\u00f4ng tin c\u1ee7a em ch\u1ec9 \u0111\u01b0\u1ee3c d\u00f9ng \u0111\u1ec3 c\u00e1n b\u1ed9 tuy\u1ec3n sinh c\u1ee7a nh\u00e0 tr\u01b0\u1eddng li\u00ean h\u1ec7 t\u01b0 v\u1ea5n l\u1ed9 tr\u00ecnh du h\u1ecdc. Nh\u00e0 tr\u01b0\u1eddng s\u1ebd g\u1eedi email x\u00e1c nh\u1eadn ngay sau khi em \u0111\u0103ng k\u00fd th\u00e0nh c\u00f4ng.\n\t\t<\/p>\n\t\t<p><span class=\"wpcf7-form-control-wrap\" data-name=\"kakunin\"><span class=\"wpcf7-form-control wpcf7-checkbox wpcf7-validates-as-required\"><span class=\"wpcf7-list-item first last\"><label><input type=\"checkbox\" name=\"kakunin[]\" value=\"Em \u0111\u1ed3ng \u00fd g\u1eedi th\u00f4ng tin \u0111\u1ec3 \u0111\u01b0\u1ee3c t\u01b0 v\u1ea5n mi\u1ec5n ph\u00ed\" \/><span class=\"wpcf7-list-item-label\">Em \u0111\u1ed3ng \u00fd g\u1eedi th\u00f4ng tin \u0111\u1ec3 \u0111\u01b0\u1ee3c t\u01b0 v\u1ea5n mi\u1ec5n ph\u00ed<\/span><\/label><\/span><\/span><\/span>\n\t\t<\/p>\n\t<\/div>\n\t<div style=\"text-align: center;\">\n\t\t<p><input class=\"wpcf7-form-control wpcf7-submit has-spinner\" type=\"submit\" value=\"G\u1eedi \u0111i\" \/>\n\t\t<\/p>\n\t\t<p style=\"font-size: 12px; color: #888; margin-top: 10px;\">(H\u1ec7 th\u1ed1ng s\u1ebd chuy\u1ec3n ti\u1ebfp th\u00f4ng tin tr\u1ef1c ti\u1ebfp \u0111\u1ebfn v\u0103n ph\u00f2ng tuy\u1ec3n sinh t\u1ea1i Sendai)\n\t\t<\/p>\n\t<\/div>\n<\/div><p style=\"display: none !important;\" class=\"akismet-fields-container\" data-prefix=\"_wpcf7_ak_\"><label>&#916;<textarea name=\"_wpcf7_ak_hp_textarea\" cols=\"45\" rows=\"8\" maxlength=\"100\"><\/textarea><\/label><input type=\"hidden\" id=\"ak_js_1\" name=\"_wpcf7_ak_js\" value=\"48\"\/><script>document.getElementById( \"ak_js_1\" ).setAttribute( \"value\", ( new Date() ).getTime() );<\/script><\/p><div class=\"wpcf7-response-output\" aria-hidden=\"true\"><\/div>\n<\/form>\n<\/div>\n\n","protected":false},"excerpt":{"rendered":"<p>H\u00e3y \u0111i\u1ec1n th\u00f4ng tin d\u01b0\u1edbi \u0111\u00e2y.<\/p>\n","protected":false},"author":9,"featured_media":5098,"parent":0,"menu_order":0,"comment_status":"closed","ping_status":"closed","template":"","meta":{"sns_share_botton_hide":"","vkExUnit_sns_title":"","_vk_print_noindex":"","sitemap_hide":"","vkExUnit_sitemap":"","_veu_custom_css":"","veu_display_promotion_alert":"common","_exclude_from_list_pages":"","vkexunit_cta_each_option":"","vkExUnit_childPageIndex":"","vkExUnit_pageList_ancestor":"","vkExUnit_contact_enable":"","footnotes":"","vk-ltc-link":"","vk-ltc-target":"0"},"class_list":["post-1838","page","type-page","status-publish","has-post-thumbnail","hentry"],"veu_head_title_object":{"title":"","add_site_title":""},"_links":{"self":[{"href":"https:\/\/duhoc.mirainomorigakuen.com\/index.php?rest_route=\/wp\/v2\/pages\/1838","targetHints":{"allow":["GET"]}}],"collection":[{"href":"https:\/\/duhoc.mirainomorigakuen.com\/index.php?rest_route=\/wp\/v2\/pages"}],"about":[{"href":"https:\/\/duhoc.mirainomorigakuen.com\/index.php?rest_route=\/wp\/v2\/types\/page"}],"author":[{"embeddable":true,"href":"https:\/\/duhoc.mirainomorigakuen.com\/index.php?rest_route=\/wp\/v2\/users\/9"}],"replies":[{"embeddable":true,"href":"https:\/\/duhoc.mirainomorigakuen.com\/index.php?rest_route=%2Fwp%2Fv2%2Fcomments&post=1838"}],"version-history":[{"count":10,"href":"https:\/\/duhoc.mirainomorigakuen.com\/index.php?rest_route=\/wp\/v2\/pages\/1838\/revisions"}],"predecessor-version":[{"id":5145,"href":"https:\/\/duhoc.mirainomorigakuen.com\/index.php?rest_route=\/wp\/v2\/pages\/1838\/revisions\/5145"}],"wp:featuredmedia":[{"embeddable":true,"href":"https:\/\/duhoc.mirainomorigakuen.com\/index.php?rest_route=\/wp\/v2\/media\/5098"}],"wp:attachment":[{"href":"https:\/\/duhoc.mirainomorigakuen.com\/index.php?rest_route=%2Fwp%2Fv2%2Fmedia&parent=1838"}],"curies":[{"name":"wp","href":"https:\/\/api.w.org\/{rel}","templated":true}]}}