{"id":31,"date":"2012-01-20T18:00:16","date_gmt":"2012-01-20T09:00:16","guid":{"rendered":"http:\/\/bizvektor.directweb.jp\/?page_id=31"},"modified":"2026-01-06T22:13:14","modified_gmt":"2026-01-06T13:13:14","slug":"privacy","status":"publish","type":"page","link":"https:\/\/duhoc.mirainomorigakuen.com\/?page_id=31","title":{"rendered":"PH\u01af\u01a0NG CH\u00c2M B\u1ea2O H\u1ed8 TH\u00d4NG TIN C\u00c1 NH\u00c2N"},"content":{"rendered":"\n<p>Tr\u01b0\u1eddng t\u01b0 th\u1ee5c Yugakukan (D\u01b0\u1edbi \u0111\u00e2y g\u1ecdi t\u1eaft l\u00e0, H\u1ecdc vi\u1ec7n) nh\u1eadn th\u1ee9c r\u00f5 t\u1ea7m quan tr\u1ecdng th\u00f4ng tin c\u00e1 nh\u00e2n c\u1ee7a qu\u00fd v\u1ecb, H\u1ecdc vi\u1ec7n ch\u00fang t\u00f4i ngh\u0129 vi\u1ec7c b\u1ea3o v\u1ec7 th\u00f4ng tin c\u00e1 nh\u00e2n l\u00e0 vi\u1ec7c c\u01a1 b\u1ea3n trong ho\u1ea1t \u0111\u1ed9ng c\u1ee7a doanh nghi\u1ec7p, v\u00e0 c\u0169ng l\u00e0 v\u1ea5n \u0111\u1ec1 quan tr\u1ecdng nh\u1ea5t trong vi\u1ec7c v\u1eadn h\u00e0nh tr\u01b0\u1eddng h\u1ecdc. <\/p>\n\n\n\n<p> \u0110\u1ec3 mang cung c\u1ea5p \u0111\u1ebfn qu\u00fd v\u1ecb m\u1ed9t d\u1ecbch v\u1ee5 gi\u00e1o d\u1ee5c T\u00cdN NHI\u1ec6M\u30fbAN TO\u00c0N\u30fbAN T\u00c2M, th\u00ec to\u00e0n th\u1ec3 nh\u00e2n vi\u00ean s\u1ebd ti\u1ebfn h\u00e0nh tri\u1ec7t \u0111\u1ec3 nh\u1eefng ph\u01b0\u01a1ng ch\u00e2m c\u01a1 b\u1ea3n d\u01b0\u1edbi \u0111\u00e2y, ch\u00fang t\u00f4i s\u1ebd tu\u00e2n th\u1ee7 nghi\u00eam ng\u1eb7t nh\u1eefng ph\u01b0\u01a1ng ch\u00e2m n\u00e0y. <\/p>\n\n\n\n<p><strong>1 PH\u01af\u01a0NG CH\u00c2M C\u01a0 B\u1ea2N<\/strong><\/p>\n\n\n\n<ol class=\"wp-block-list\">\n<li>\u00a0H\u1ecdc vi\u1ec7n s\u1ebd tu\u00e2n th\u1ee7 nghi\u00eam ng\u1eb7t nh\u1eefng quy ch\u1ebf, ph\u00e1p l\u1ec7nh v\u00e0 nh\u1eefng g\u00ec li\u00ean quan \u0111\u1ebfn lu\u1eadt b\u1ea3o h\u1ed9 th\u00f4ng tin c\u00e1 nh\u00e2n. Th\u00eam v\u00e0o \u0111\u00f3 l\u00e0 nh\u1eefng quy \u0111\u1ecbnh li\u00ean quan \u0111\u1ebfn vi\u1ec7c b\u1ea3o h\u1ed9 th\u00f4ng tin c\u00e1 nh\u00e2n (D\u01b0\u1edbi \u0111\u00e2y g\u1ecdi l\u00e0, Quy \u0111\u1ecbnh c\u1ee7a h\u1ecdc vi\u1ec7n), ch\u00fang t\u00f4i s\u1ebd th\u1ef1c hi\u1ec7n, duy tr\u00ec, v\u00e0 \u0111\u1ed3ng th\u1eddi s\u1ebd li\u00ean t\u1ee5c c\u1ea3i thi\u1ec7n \u0111i\u1ec1u n\u00e0y.<\/li>\n\n\n\n<li> H\u1ecdc vi\u1ec7n s\u1ebd thi\u1ebft l\u1eadp th\u1ec3 ch\u1ebf qu\u1ea3n l\u00fd b\u1ea3o h\u1ed9 th\u00f4ng tin c\u00e1 nh\u00e2n, c\u00f9ng v\u1edbi quy \u0111\u1ecbnh c\u1ee7a h\u1ecdc vi\u1ec7n, r\u1ed3i th\u00f4ng b\u00e1o cho nh\u00e2n vi\u00ean v\u00e0 ch\u1ee7 t\u1ecbch \u0111\u01b0\u1ee3c bi\u1ebft, ch\u00fang t\u00f4i s\u1ebd b\u1ea3o h\u1ed9 nghi\u00eam ng\u1eb7t tri\u1ec7t \u0111\u1ec3 \u0111i\u1ec1u \u0111\u00f3.<\/li>\n\n\n\n<li> H\u1ecdc vi\u1ec7n s\u1ebd s\u1eed d\u1ee5ng th\u00f4ng tin c\u00e1 nh\u00e2n m\u00e0 qu\u00fd v\u1ecb cung c\u1ea5p trong ph\u1ea1m vi m\u1ee5c \u0111\u00edch s\u1eed d\u1ee5ng. H\u01a1n n\u1eefa h\u1ecdc vi\u1ec7n s\u1ebd kh\u00f4ng cung c\u1ea5p c\u0169ng kh\u00f4ng \u0111\u1ec3 l\u1ed9 th\u00f4ng tin c\u00e1 nh\u00e2n m\u00e0 qu\u00fd v\u1ecb cung c\u1ea5p cho b\u00ean th\u1ee9 ba \u0111\u01b0\u1ee3c bi\u1ebft, ngo\u1ea1i tr\u1eeb tr\u01b0\u1eddng h\u1ee3p c\u00f3 s\u1ef1 \u0111\u1ed3ng \u00fd c\u1ee7a b\u1ea3n th\u00e2n ng\u01b0\u1eddi \u0111\u00f3, ho\u1eb7c c\u00f3 l\u00fd do ch\u00ednh \u0111\u00e1ng.<\/li>\n\n\n\n<li> H\u1ecdc vi\u1ec7n s\u1ebd gi\u1eef th\u00f4ng tin c\u00e1 nh\u00e2n trong tr\u1ea1ng th\u00e1i c\u1eadp nh\u1eadt m\u1edbi nh\u1ea5t, ch\u00ednh x\u00e1c nh\u1ea5t, song song v\u1edbi \u0111i\u1ec1u \u0111\u00f3 l\u00e0 ph\u1ea3i \u0111\u1ec1 ph\u00f2ng vi\u1ec7c truy c\u1eadp th\u00f4ng tin c\u00e1 nh\u00e2n b\u1ea5t ch\u00ednh, l\u00e0m thi\u1ec7t h\u1ea1i,l\u00e0m m\u1ea5t v\u00e0 l\u00e0m l\u1ed9 th\u00f4ng tin c\u00e1 nh\u00e2n, v\u00e0 li\u00ean t\u1ee5c th\u1ef1c hi\u1ec7n x\u00e9t duy\u1ec7t nh\u1eb1m n\u00e2ng c\u00e1o ch\u1ea5t l\u01b0\u1ee3ng b\u1ea3o m\u1eadt th\u00f4ng tin.<\/li>\n\n\n\n<li> H\u1ecdc vi\u1ec7n s\u1ebd x\u1eed l\u00fd nhanh ch\u00f3ng, v\u00e0 th\u00e0nh th\u1eadt \u0111\u1ed1i v\u1edbi vi\u1ec7c th\u1ec9nh c\u1ea7u, c\u00f4ng khai, h\u1ecfi \u0111\u00e1p v\u1ec1 th\u00f4ng tin c\u00e1 nh\u00e2n<\/li>\n<\/ol>\n\n\n\n<h2 class=\"wp-block-heading\"> 2.  M\u1ee4C \u0110\u00cdCH S\u1eec D\u1ee4NG TH\u00d4NG TIN C\u00c1 NH\u00c2N <\/h2>\n\n\n\n<p> H\u1ecdc vi\u1ec7n s\u1ebd s\u1eed d\u1ee5ng th\u00f4ng tin c\u00e1 nh\u00e2n trong ph\u1ea1m vi m\u1ee5c \u0111\u00edch s\u1eed d\u1ee5ng, s\u1ebd tr\u00ecnh b\u00e0y m\u1ee5c \u0111\u00edch s\u1eed d\u1ee5ng th\u00f4ng tin c\u00e1 nh\u00e2n tr\u01b0\u1edbc \u0111\u00f3, \u0111\u1ed1i v\u1edbi nh\u1eefng tr\u01b0\u1eddng h\u1ee3p cung c\u1ea5p th\u00f4ng tin c\u00e1 nh\u00e2n cho ch\u00fang t\u00f4i. \u0110\u1ed1i vi\u1ec7c qu\u00e1 ph\u1ea1m vi s\u1eed d\u1ee5ng \u0111\u00e3 th\u00f4ng b\u00e1o tr\u01b0\u1edbc \u0111\u00f3, v\u00e0 trong tr\u01b0\u1eddng h\u1ee3p c\u1ea7n thi\u1ebft ph\u1ea3i s\u1eed d\u1ee5ng th\u00f4ng tin c\u00e1 nh\u00e2n \u0111\u00f3, ch\u00fang t\u00f4i s\u1ebd li\u00ean l\u1ea1c v\u00e0 truy\u1ec1n \u0111\u1ea1t m\u1ee5c \u0111\u00edch \u0111\u00f3, v\u00e0 s\u1ebd s\u1eed d\u1ee5ng khi c\u00f3 s\u1ef1 \u0111\u1ed3ng \u00fd. <\/p>\n\n\n\n<h2 class=\"wp-block-heading\"> 3. THU TH\u1eacP TH\u00d4NG TIN C\u00c1 NH\u00c2N H\u1ee2P L\u1ec6<\/h2>\n\n\n\n<p> H\u1ecdc vi\u1ec7n ch\u00fang t\u00f4i s\u1ebd ti\u1ebfn h\u00e0nh thu th\u1eadp th\u00f4ng tin c\u00e1 nh\u00e2n b\u1eb1ng nh\u1eefng ph\u01b0\u01a1ng th\u1ee9c h\u1ee3p ph\u00e1p v\u00e0 c\u00f4ng ch\u00ednh. <\/p>\n\n\n\n<h2 class=\"wp-block-heading\"> 4. CUNG C\u1ea4P TH\u00d4NG TIN C\u00c1 NH\u00c2N<\/h2>\n\n\n\n<ol class=\"wp-block-list\">\n<li>H\u1ecdc vi\u1ec7n ch\u00fang t\u00f4i, ngo\u1ea1i tr\u1eeb nh\u1eefng tr\u01b0\u1eddng h\u1ee3p d\u01b0\u1edbi \u0111\u00e2y, ch\u00fang t\u00f4i s\u1ebd kh\u00f4ng cung c\u1ea5p, kh\u00f4ng c\u00f4ng khai cho b\u00ean th\u1ee9 ba \u0111\u01b0\u1ee3c bi\u1ebft v\u1ec1 th\u00f4ng tin c\u00e1 nh\u00e2n.\n<ol class=\"wp-block-list\">\n<li>Tr\u01b0\u1eddng h\u1ee3p c\u00f3 s\u1ef1 \u0111\u1ed3ng \u00fd c\u1ee7a b\u1ea3n th\u00e2n ng\u01b0\u1eddi \u0111\u00f3.<\/li>\n\n\n\n<li>Tr\u01b0\u1eddng h\u1ee3p c\u00f3 c\u0103n c\u1ee9 c\u1ee7a lu\u1eadt ph\u00e1p<\/li>\n\n\n\n<li>Nh\u1eefng tr\u01b0\u1eddng h\u1ee3p c\u1ea7n thi\u1ebft li\u00ean quan \u0111\u1ebfn vi\u1ec7c b\u1ea3o v\u1ec7 t\u00e0i s\u1ea3n, than th\u1ec3, v\u00e0 t\u00ednh m\u1ea1ng c\u1ee7a con ng\u01b0\u1eddi, nh\u01b0ng l\u1ea1i g\u1eb7p kh\u00f3 kh\u0103n trong vi\u1ec7c l\u1ea5y s\u1ef1 \u0111\u1ed3ng \u00fd c\u1ee7a b\u1ea3n th\u00e2n ng\u01b0\u1eddi \u0111\u00f3.<\/li>\n\n\n\n<li>Tr\u01b0\u1eddng h\u1ee3p c\u00f3 s\u1ef1 \u1ee7y th\u00e1c v\u1ec1 s\u1eed d\u1ee5ng th\u00f4ng tin c\u00e1 nh\u00e2n, trong ph\u1ea1m vi c\u1ea7n thi\u1ebft v\u1edbi m\u1ee5c \u0111\u00edch s\u1eed d\u1ee5ng th\u00f4ng tin c\u00e1 nh\u00e2n.<\/li>\n\n\n\n<li>Tr\u01b0\u1eddng h\u1ee3p k\u1ebf t\u1ee5c s\u1ef1 nghi\u1ec7p<\/li>\n<\/ol>\n<\/li>\n<\/ol>\n\n\n\n<h2 class=\"wp-block-heading\">5. H\u1eceI \u0110\u00c1P TH\u00d4NG TIN C\u00c1 NH\u00c2N<\/h2>\n\n\n\n<p>  V\u1ec1 vi\u1ec7c x\u00f3a, ch\u1ec9nh s\u1eeda, c\u00f4ng khai th\u00f4ng tin c\u00e1 nh\u00e2n, h\u00e3y li\u00ean h\u1ec7 \u0111\u1ebfn m\u1ee5c H\u1eceI \u0110\u00c1P.  <\/p>\n\n\n\n<h2 class=\"wp-block-heading\"> 6. C\u00c1C KHO\u1ea2N M\u1ee4C KH\u00c1C<\/h2>\n\n\n\n<div class=\"wp-block-group\"><div class=\"wp-block-group__inner-container is-layout-flow wp-block-group-is-layout-flow\">\n<p>1. V\u1ec0 VI\u1ec6C TRUY C\u1eacP TH\u00d4NG TIN Trang Web n\u00e0y c\u1ee7a ch\u00fang t\u00f4i, \u0111\u1ec3 c\u00f3 th\u1ec3 cung c\u1ea5p d\u1ecbch v\u1ee5 t\u1ed1t h\u01a1n n\u1eefa, n\u00ean s\u1ebd c\u00f3 tr\u01b0\u1eddng h\u1ee3p ch\u00fang t\u00f4i s\u1ebd thu th\u1eadp c\u1ea3 th\u00f4ng tin truy c\u1eadp. Xin h\u00e3y hi\u1ec3u tr\u01b0\u1edbc cho ch\u00fang t\u00f4i v\u1ec1 \u0111i\u1ec1u n\u00e0y, Vi\u1ec7c thu th\u1eadp th\u00f4ng tin truy c\u1eadp c\u1ee7a qu\u00fd v\u1ecb, s\u1ebd kh\u00f4ng c\u00f3 m\u1ee5c \u0111\u00edch x\u00e1c \u0111\u1ecbnh th\u00f4ng tin c\u00e1 nh\u00e2n c\u1ee7a qu\u00fd v\u1ecb.<\/p>\n<\/div><\/div>\n\n\n\n<div class=\"wp-block-group\"><div class=\"wp-block-group__inner-container is-layout-flow wp-block-group-is-layout-flow\">\n<p>2. V\u1ec0 COOKIE \u0110\u1ec3 trang Web n\u00e0y c\u1ee7a ch\u00fang t\u00f4i \u0111\u01b0\u1ee3c s\u1eed d\u1ee5ng d\u1ec5 r\u00e0ng h\u01a1n, m\u1ed9t ph\u1ea7n c\u1ee7a trang web s\u1ebd s\u1eed d\u1ee5ng Cookie, V\u1ec1 th\u00f4ng tin \u0111\u1ecba ch\u1ec9 IP v\u00e0 Cookie, kh\u00f4ng th\u1ec3 nh\u1eadn d\u1ea1ng v\u00e0 x\u00e1c \u0111\u1ecbnh c\u00e1 nh\u00e2n m\u1ed9t c\u00e1ch \u0111\u1ed9c l\u1eadp, n\u00ean ch\u00fang t\u00f4i ngh\u0129 \u0111\u00f3 kh\u00f4ng ph\u1ea3i l\u00e0 th\u00f4ng tin c\u00e1 nh\u00e2n. D\u0129 nhi\u00ean, th\u00f4ng tin v\u1ec1 Cookie, qu\u00fd v\u1ecb c\u0169ng c\u00f3 th\u1ec3 t\u1eeb ch\u1ed1i \u1edf tr\u00ecnh duy\u1ec7t Web c\u1ee7a qu\u00fd v\u1ecb.\u00a0<\/p>\n<\/div><\/div>\n\n\n\n<p class=\"has-text-align-right\">Quy ch\u1ebf ng\u00e0y 7 th\u00e1ng 1 n\u0103m 2020<\/p>\n","protected":false},"excerpt":{"rendered":"<p>B\u1ea3o m\u1eadt th\u00f4ng tin c\u00e1 nh\u00e2n<\/p>\n","protected":false},"author":8,"featured_media":1373,"parent":0,"menu_order":9,"comment_status":"closed","ping_status":"closed","template":"","meta":{"sns_share_botton_hide":"true","vkExUnit_sns_title":"","_vk_print_noindex":"","sitemap_hide":"","vkExUnit_sitemap":"","_veu_custom_css":"","veu_display_promotion_alert":"common","_exclude_from_list_pages":"","vkexunit_cta_each_option":"disable","vkExUnit_childPageIndex":"","vkExUnit_pageList_ancestor":"","vkExUnit_contact_enable":"","footnotes":"","vk-ltc-link":"","vk-ltc-target":"0"},"class_list":["post-31","page","type-page","status-publish","has-post-thumbnail","hentry"],"veu_head_title_object":{"title":"","add_site_title":""},"_links":{"self":[{"href":"https:\/\/duhoc.mirainomorigakuen.com\/index.php?rest_route=\/wp\/v2\/pages\/31","targetHints":{"allow":["GET"]}}],"collection":[{"href":"https:\/\/duhoc.mirainomorigakuen.com\/index.php?rest_route=\/wp\/v2\/pages"}],"about":[{"href":"https:\/\/duhoc.mirainomorigakuen.com\/index.php?rest_route=\/wp\/v2\/types\/page"}],"author":[{"embeddable":true,"href":"https:\/\/duhoc.mirainomorigakuen.com\/index.php?rest_route=\/wp\/v2\/users\/8"}],"replies":[{"embeddable":true,"href":"https:\/\/duhoc.mirainomorigakuen.com\/index.php?rest_route=%2Fwp%2Fv2%2Fcomments&post=31"}],"version-history":[{"count":4,"href":"https:\/\/duhoc.mirainomorigakuen.com\/index.php?rest_route=\/wp\/v2\/pages\/31\/revisions"}],"predecessor-version":[{"id":5065,"href":"https:\/\/duhoc.mirainomorigakuen.com\/index.php?rest_route=\/wp\/v2\/pages\/31\/revisions\/5065"}],"wp:featuredmedia":[{"embeddable":true,"href":"https:\/\/duhoc.mirainomorigakuen.com\/index.php?rest_route=\/wp\/v2\/media\/1373"}],"wp:attachment":[{"href":"https:\/\/duhoc.mirainomorigakuen.com\/index.php?rest_route=%2Fwp%2Fv2%2Fmedia&parent=31"}],"curies":[{"name":"wp","href":"https:\/\/api.w.org\/{rel}","templated":true}]}}